{"id":28,"date":"2025-07-11T19:04:35","date_gmt":"2025-07-11T17:04:35","guid":{"rendered":"https:\/\/feimus.com.ar\/constructiva\/?page_id=28"},"modified":"2025-08-15T13:31:19","modified_gmt":"2025-08-15T16:31:19","slug":"services","status":"publish","type":"page","link":"https:\/\/feimus.com.ar\/constructiva\/services\/","title":{"rendered":"Residencial"},"content":{"rendered":"<div class=\"et_pb_section_0 et_pb_section et_section_regular et_block_section et_pb_section_parallax preset--module--divi-section--d0a454e8-136b-41bf-8d24-9f225a83a7ee\"><span class=\"et-pb-parallax-wrapper\"><span class=\"et-pb-parallax-background et-pb-parallax-background--css et-pb-parallax-background-module--divi-section-0\" style=\"background-image:url(https:\/\/feimus.com.ar\/constructiva\/wp-content\/uploads\/2025\/07\/construction-company-36.jpg)\"><\/span><span class=\"et_parallax_gradient et_pb_parallax_css\" style=\"background-image:linear-gradient(180deg, var(--gcid-5db33a49-baae-4e7c-aa02-ce43ed4351a8) 0%,var(--gcid-4907c8d4-9eff-49de-91ce-43a2d3a729cf) 100%)\"><\/span><\/span>\n<div class=\"et_pb_row_0 et_pb_row et_block_row preset--module--divi-row--default\">\n<div class=\"et_pb_column_0 et_pb_column et_pb_column_4_4 et-last-child et_block_column et_pb_css_mix_blend_mode_passthrough preset--module--divi-column--default\">\n<div class=\"et_pb_heading_0 et_pb_heading et_pb_module et_flex_module preset--module--divi-heading--b4f960fe-aee4-4cac-ba40-a277c046cbea\"><div class=\"et_pb_heading_container\"><h4 class=\"et_pb_module_header\">DISE\u00d1ANDO TUS SUE\u00d1OS<\/h4><\/div><\/div>\n\n<div class=\"et_pb_heading_1 et_pb_heading et_pb_module et_flex_module preset--module--divi-heading--68993514-5e9c-407b-b0f4-6fff01ba680d\"><div class=\"et_pb_heading_container\"><h1 class=\"et_pb_module_header\">Servicios<\/h1><\/div><\/div>\n\n<div class=\"et_pb_text_0 et_pb_text et_pb_bg_layout_light et_pb_module et_flex_module preset--module--divi-text--default\"><div class=\"et_pb_text_inner\"><p>\u00a0Desde el dise\u00f1o personalizado hasta la construcci\u00f3n final,<strong> nos aseguramos de que cada detalle se ajuste a su visi\u00f3n y supere sus expectativas.<\/strong><\/p>\n<\/div><\/div>\n<\/div>\n<\/div>\n<\/div>\n\n<div class=\"et_pb_section_1 et_pb_section et_section_regular et_block_section preset--module--divi-section--default\">\n<div class=\"et_pb_row_1 et_pb_row et_block_row preset--module--divi-row--default\">\n<div class=\"et_pb_column_1 et_pb_column et_pb_column_4_4 et-last-child et_block_column et_pb_css_mix_blend_mode_passthrough preset--module--divi-column--default\">\n<div class=\"et_pb_heading_2 et_pb_heading et_pb_module et_flex_module preset--module--divi-heading--default\"><div class=\"et_pb_heading_container\"><h2 class=\"et_pb_module_header\">Construcci\u00f3n Residencial<\/h2><\/div><\/div>\n\n<div class=\"et_pb_text_1 et_pb_text et_pb_bg_layout_light et_pb_module et_flex_module preset--module--divi-text--default\"><div class=\"et_pb_text_inner\" data-et-mv-hidden-phone=\"true\"><p>Nuestros servicios de construcci\u00f3n residencial est\u00e1n dise\u00f1ados para crear hogares que reflejen su estilo personal y se ajusten a su estilo de vida. <strong>Desde el dise\u00f1o personalizado hasta la construcci\u00f3n final, nos aseguramos de que cada detalle se ajuste a su visi\u00f3n y supere sus expectativas.<\/strong><\/p>\n<\/div><\/div>\n\n<div class=\"et_pb_image_0 et_pb_image et_pb_module et_flex_module\"><span class=\"et_pb_image_wrap\"><img loading=\"lazy\" decoding=\"async\" src=\"https:\/\/feimus.com.ar\/constructiva\/wp-content\/uploads\/2025\/07\/image-1.jpeg\" title=\"construction-ss-06\" width=\"2560\" height=\"1707\" srcset=\"https:\/\/feimus.com.ar\/constructiva\/wp-content\/uploads\/2025\/07\/image-1.jpeg 2560w, https:\/\/feimus.com.ar\/constructiva\/wp-content\/uploads\/2025\/07\/image-1-1280x854.jpeg 1280w, https:\/\/feimus.com.ar\/constructiva\/wp-content\/uploads\/2025\/07\/image-1-980x653.jpeg 980w, https:\/\/feimus.com.ar\/constructiva\/wp-content\/uploads\/2025\/07\/image-1-480x320.jpeg 480w\" sizes=\"(min-width: 0px) and (max-width: 480px) 480px, (min-width: 481px) and (max-width: 980px) 980px, (min-width: 981px) and (max-width: 1280px) 1280px, (min-width: 1281px) 2560px, 100vw\" class=\"wp-image-374\" \/><\/span><\/div>\n<\/div>\n<\/div>\n\n<div class=\"et_pb_row_2 et_pb_row et_flex_row preset--module--divi-row--default\">\n<div class=\"et_pb_column_2 et_pb_column et_block_column et_pb_css_mix_blend_mode_passthrough et_flex_column_24_24 et_flex_column_24_24_tablet et_flex_column_24_24_phone preset--module--divi-column--default\">\n<div class=\"et_pb_text_2 et_pb_text et_pb_bg_layout_light et_pb_module et_flex_module preset--module--divi-text--705ba1e0-5d11-45d4-9746-7ff1407cbd18\"><div class=\"et_pb_text_inner\"><ul>\n<li>Dise\u00f1o personalizado<\/li>\n<li>Materiales de alta calidad<\/li>\n<li>Artesan\u00eda experta<\/li>\n<li>Entrega puntual<\/li>\n<\/ul>\n<\/div><\/div>\n<\/div>\n\n<div class=\"et_pb_column_3 et_pb_column et_block_column et_pb_css_mix_blend_mode_passthrough et_flex_column_24_24 et_flex_column_24_24_tablet et_flex_column_24_24_phone preset--module--divi-column--default\">\n<div class=\"et_pb_text_3 et_pb_text et_pb_bg_layout_light et_pb_module et_flex_module preset--module--divi-text--705ba1e0-5d11-45d4-9746-7ff1407cbd18\"><div class=\"et_pb_text_inner\"><ul>\n<li>Precios transparentes<\/li>\n<li>Servicio personalizado<\/li>\n<li>Eficiencia energ\u00e9tica<\/li>\n<li>Dise\u00f1o innovador<\/li>\n<\/ul>\n<\/div><\/div>\n<\/div>\n\n<div class=\"et_pb_column_4 et_pb_column et_block_column et_pb_css_mix_blend_mode_passthrough et_flex_column_24_24 et_flex_column_24_24_tablet et_flex_column_24_24_phone preset--module--divi-column--default\">\n<div class=\"et_pb_text_4 et_pb_text et_pb_bg_layout_light et_pb_module et_flex_module preset--module--divi-text--705ba1e0-5d11-45d4-9746-7ff1407cbd18\"><div class=\"et_pb_text_inner\"><ul>\n<li>Integridad estructural<\/li>\n<li>Planos flexibles<\/li>\n<li>Acabados interiores<\/li>\n<li>Pr\u00e1cticas sostenibles<\/li>\n<\/ul>\n<\/div><\/div>\n<\/div>\n\n<div class=\"et_pb_column_5 et_pb_column et-last-child et_block_column et_pb_css_mix_blend_mode_passthrough et_flex_column_24_24 et_flex_column_24_24_tablet et_flex_column_24_24_phone preset--module--divi-column--default\">\n<div class=\"et_pb_text_5 et_pb_text et_pb_bg_layout_light et_pb_module et_flex_module preset--module--divi-text--705ba1e0-5d11-45d4-9746-7ff1407cbd18\"><div class=\"et_pb_text_inner\"><ul>\n<li class=\"tw-data-text tw-text-large tw-ta\" data-placeholder=\"Traducci\u00f3n\" id=\"tw-target-text\" data-ved=\"2ahUKEwi7z92o2diOAxXXq5UCHTD5LCoQ3ewLegQICRAV\" dir=\"ltr\" aria-label=\"Texto traducido: Comunicaci\u00f3n abierta\nGesti\u00f3n de proyectos\nApoyo posconstrucci\u00f3n\nSatisfacci\u00f3n del cliente\"><span class=\"Y2IQFc\" lang=\"es\">Comunicaci\u00f3n abierta<\/span><\/li>\n<li class=\"tw-data-text tw-text-large tw-ta\" data-placeholder=\"Traducci\u00f3n\" data-ved=\"2ahUKEwi7z92o2diOAxXXq5UCHTD5LCoQ3ewLegQICRAV\" dir=\"ltr\" aria-label=\"Texto traducido: Comunicaci\u00f3n abierta\nGesti\u00f3n de proyectos\nApoyo posconstrucci\u00f3n\nSatisfacci\u00f3n del cliente\"><span class=\"Y2IQFc\" lang=\"es\">Gesti\u00f3n de proyectos <\/span><\/li>\n<li class=\"tw-data-text tw-text-large tw-ta\" data-placeholder=\"Traducci\u00f3n\" data-ved=\"2ahUKEwi7z92o2diOAxXXq5UCHTD5LCoQ3ewLegQICRAV\" dir=\"ltr\" aria-label=\"Texto traducido: Comunicaci\u00f3n abierta\nGesti\u00f3n de proyectos\nApoyo posconstrucci\u00f3n\nSatisfacci\u00f3n del cliente\"><span class=\"Y2IQFc\" lang=\"es\">Apoyo <\/span><span class=\"Y2IQFc\" lang=\"es\">posconstrucci\u00f3n<\/span><\/li>\n<li class=\"tw-data-text tw-text-large tw-ta\" data-placeholder=\"Traducci\u00f3n\" data-ved=\"2ahUKEwi7z92o2diOAxXXq5UCHTD5LCoQ3ewLegQICRAV\" dir=\"ltr\" aria-label=\"Texto traducido: Comunicaci\u00f3n abierta\nGesti\u00f3n de proyectos\nApoyo posconstrucci\u00f3n\nSatisfacci\u00f3n del cliente\"><span class=\"Y2IQFc\" lang=\"es\">Satisfacci\u00f3n del cliente<\/span><\/li>\n<\/ul>\n<\/div><\/div>\n<\/div>\n<\/div>\n<\/div>\n\n<div class=\"et_pb_section_2 et_pb_section et_section_regular et_block_section preset--module--divi-section--default\">\n<div class=\"et_pb_row_3 et_pb_row et_block_row preset--module--divi-row--default\">\n<div class=\"et_pb_column_6 et_pb_column et_pb_column_4_4 et-last-child et_block_column et_pb_css_mix_blend_mode_passthrough preset--module--divi-column--default\">\n<div class=\"et_pb_heading_3 et_pb_heading et_pb_module et_flex_module preset--module--divi-heading--default\"><div class=\"et_pb_heading_container\"><h2 class=\"et_pb_module_header\">Construcci\u00f3n Comercial<\/h2><\/div><\/div>\n\n<div class=\"et_pb_text_6 et_pb_text et_pb_bg_layout_light et_pb_module et_flex_module preset--module--divi-text--705ba1e0-5d11-45d4-9746-7ff1407cbd18\"><div class=\"et_pb_text_inner\"><p>Nuestros servicios de construcci\u00f3n comercial cubren una amplia gama de necesidades empresariales, desde edificios de oficinas hasta locales comerciales.<br \/><strong>Nos centramos en crear entornos comerciales funcionales y est\u00e9ticamente agradables que contribuyan a sus objetivos<\/strong> <strong>comerciales y fortalezcan su marca.<\/strong><\/p>\n<\/div><\/div>\n\n<div class=\"et_pb_image_1 et_pb_image et_pb_module et_flex_module\"><span class=\"et_pb_image_wrap\"><img loading=\"lazy\" decoding=\"async\" src=\"https:\/\/feimus.com.ar\/constructiva\/wp-content\/uploads\/2025\/07\/construccion-comercial.jpg\" title=\"construction-ss-07b\" width=\"1600\" height=\"878\" srcset=\"https:\/\/feimus.com.ar\/constructiva\/wp-content\/uploads\/2025\/07\/construccion-comercial.jpg 1600w, https:\/\/feimus.com.ar\/constructiva\/wp-content\/uploads\/2025\/07\/construccion-comercial-1280x702.jpg 1280w, https:\/\/feimus.com.ar\/constructiva\/wp-content\/uploads\/2025\/07\/construccion-comercial-980x538.jpg 980w, https:\/\/feimus.com.ar\/constructiva\/wp-content\/uploads\/2025\/07\/construccion-comercial-480x263.jpg 480w\" sizes=\"(min-width: 0px) and (max-width: 480px) 480px, (min-width: 481px) and (max-width: 980px) 980px, (min-width: 981px) and (max-width: 1280px) 1280px, (min-width: 1281px) 1600px, 100vw\" class=\"wp-image-375\" \/><\/span><\/div>\n<\/div>\n<\/div>\n\n<div class=\"et_pb_row_4 et_pb_row et_flex_row preset--module--divi-row--default\">\n<div class=\"et_pb_column_7 et_pb_column et_block_column et_pb_css_mix_blend_mode_passthrough et_flex_column_24_24 et_flex_column_24_24_tablet et_flex_column_24_24_phone preset--module--divi-column--default\">\n<div class=\"et_pb_text_7 et_pb_text et_pb_bg_layout_light et_pb_module et_flex_module preset--module--divi-text--705ba1e0-5d11-45d4-9746-7ff1407cbd18\"><div class=\"et_pb_text_inner\"><ul>\n<li>Soluciones a medida<\/li>\n<li>Gesti\u00f3n experta de proyectos<\/li>\n<li>Materiales de alta calidad<\/li>\n<li>Entrega puntual<\/li>\n<\/ul>\n<\/div><\/div>\n<\/div>\n\n<div class=\"et_pb_column_8 et_pb_column et_block_column et_pb_css_mix_blend_mode_passthrough et_flex_column_24_24 et_flex_column_24_24_tablet et_flex_column_24_24_phone preset--module--divi-column--default\">\n<div class=\"et_pb_text_8 et_pb_text et_pb_bg_layout_light et_pb_module et_flex_module preset--module--divi-text--705ba1e0-5d11-45d4-9746-7ff1407cbd18\"><div class=\"et_pb_text_inner\"><ul>\n<li>Cumplimiento presupuestario<\/li>\n<li>Cumplimiento<\/li>\n<li>Dise\u00f1o funcional<\/li>\n<li>Eficiencia energ\u00e9tica<\/li>\n<\/ul>\n<\/div><\/div>\n<\/div>\n\n<div class=\"et_pb_column_9 et_pb_column et_block_column et_pb_css_mix_blend_mode_passthrough et_flex_column_24_24 et_flex_column_24_24_tablet et_flex_column_24_24_phone preset--module--divi-column--default\">\n<div class=\"et_pb_text_9 et_pb_text et_pb_bg_layout_light et_pb_module et_flex_module preset--module--divi-text--705ba1e0-5d11-45d4-9746-7ff1407cbd18\"><div class=\"et_pb_text_inner\"><ul>\n<li>Artesan\u00eda profesional<\/li>\n<li>Tecnolog\u00eda moderna<\/li>\n<li>Dise\u00f1os flexibles<\/li>\n<li>Personalizaci\u00f3n de interiores<\/li>\n<\/ul>\n<\/div><\/div>\n<\/div>\n\n<div class=\"et_pb_column_10 et_pb_column et-last-child et_block_column et_pb_css_mix_blend_mode_passthrough et_flex_column_24_24 et_flex_column_24_24_tablet et_flex_column_24_24_phone preset--module--divi-column--default\">\n<div class=\"et_pb_text_10 et_pb_text et_pb_bg_layout_light et_pb_module et_flex_module preset--module--divi-text--705ba1e0-5d11-45d4-9746-7ff1407cbd18\"><div class=\"et_pb_text_inner\"><ul>\n<li>Protocolos de seguridad<\/li>\n<li>Pr\u00e1cticas sostenibles<\/li>\n<li>Comunicaci\u00f3n continua<\/li>\n<li>Apoyo posterior a la finalizaci\u00f3n<\/li>\n<\/ul>\n<\/div><\/div>\n<\/div>\n<\/div>\n<\/div>\n\n<div class=\"et_pb_section_3 et_pb_section et_section_regular et_block_section preset--module--divi-section--default\">\n<div class=\"et_pb_row_5 et_pb_row et_block_row preset--module--divi-row--08a4c1ab-3995-45c1-ab4f-f92ee87f8b09\">\n<div class=\"et_pb_column_11 et_pb_column et_pb_column_4_4 et-last-child et_block_column et_pb_css_mix_blend_mode_passthrough preset--module--divi-column--default\">\n<div class=\"et_pb_text_11 et_pb_text et_pb_bg_layout_light et_pb_module et_flex_module preset--module--divi-text--ce7be099-ab92-4fb3-b87d-6f87f62cdebe\"><div class=\"et_pb_text_inner\"><p>Llame por Presupuesto<\/p>\n<\/div><\/div>\n\n<div class=\"et_pb_heading_4 et_pb_heading et_clickable et_pb_module et_flex_module preset--module--divi-heading--default\"><div class=\"et_pb_heading_container\"><h2 class=\"et_pb_module_header\">11 59547609<\/h2><\/div><\/div>\n\n<div class=\"et_pb_module et_pb_button_module_wrapper et_pb_button_0_wrapper preset--module--divi-button--default_wrapper\"><a class=\"et_pb_button_0 et_pb_button et_pb_bg_layout_light et_pb_module et_flex_module preset--module--divi-button--default\" href=\"http:\/\/feimus.com.ar\/presupuesto\/\" target=\"_blank\">Formulario de estimado en l\u00ednea<\/a><\/div>\n<\/div>\n<\/div>\n<\/div>","protected":false},"excerpt":{"rendered":"","protected":false},"author":1,"featured_media":0,"parent":0,"menu_order":0,"comment_status":"closed","ping_status":"closed","template":"","meta":{"_joinchat":[],"footnotes":""},"class_list":["post-28","page","type-page","status-publish","hentry"],"_links":{"self":[{"href":"https:\/\/feimus.com.ar\/constructiva\/wp-json\/wp\/v2\/pages\/28","targetHints":{"allow":["GET"]}}],"collection":[{"href":"https:\/\/feimus.com.ar\/constructiva\/wp-json\/wp\/v2\/pages"}],"about":[{"href":"https:\/\/feimus.com.ar\/constructiva\/wp-json\/wp\/v2\/types\/page"}],"author":[{"embeddable":true,"href":"https:\/\/feimus.com.ar\/constructiva\/wp-json\/wp\/v2\/users\/1"}],"replies":[{"embeddable":true,"href":"https:\/\/feimus.com.ar\/constructiva\/wp-json\/wp\/v2\/comments?post=28"}],"version-history":[{"count":22,"href":"https:\/\/feimus.com.ar\/constructiva\/wp-json\/wp\/v2\/pages\/28\/revisions"}],"predecessor-version":[{"id":680,"href":"https:\/\/feimus.com.ar\/constructiva\/wp-json\/wp\/v2\/pages\/28\/revisions\/680"}],"wp:attachment":[{"href":"https:\/\/feimus.com.ar\/constructiva\/wp-json\/wp\/v2\/media?parent=28"}],"curies":[{"name":"wp","href":"https:\/\/api.w.org\/{rel}","templated":true}]}}