{"id":26,"date":"2025-07-11T19:04:35","date_gmt":"2025-07-11T17:04:35","guid":{"rendered":"https:\/\/feimus.com.ar\/constructiva\/?page_id=26"},"modified":"2025-08-15T13:04:38","modified_gmt":"2025-08-15T16:04:38","slug":"service","status":"publish","type":"page","link":"https:\/\/feimus.com.ar\/constructiva\/service\/","title":{"rendered":"Comercial"},"content":{"rendered":"<div class=\"et_pb_section_0 et_pb_section et_section_regular et_block_section et_pb_section_parallax preset--module--divi-section--d0a454e8-136b-41bf-8d24-9f225a83a7ee\"><span class=\"et-pb-parallax-wrapper\"><span class=\"et-pb-parallax-background et-pb-parallax-background--css et-pb-parallax-background-module--divi-section-0\" style=\"background-image:url(https:\/\/feimus.com.ar\/constructiva\/wp-content\/uploads\/2025\/07\/construction-ss-10.jpg)\"><\/span><span class=\"et_parallax_gradient et_pb_parallax_css\" style=\"background-image:linear-gradient(180deg, rgba(0, 0, 0, 0.34) 0%,#000000 83% 100%)\"><\/span><\/span>\n<div class=\"et_pb_row_0 et_pb_row et_block_row preset--module--divi-row--default\">\n<div class=\"et_pb_column_0 et_pb_column et_pb_column_4_4 et-last-child et_block_column et_pb_css_mix_blend_mode_passthrough preset--module--divi-column--default\">\n<div class=\"et_pb_heading_0 et_pb_heading et_pb_module et_flex_module preset--module--divi-heading--b4f960fe-aee4-4cac-ba40-a277c046cbea\"><div class=\"et_pb_heading_container\"><h4 class=\"et_pb_module_header\">CONSTRUYENDo REALIDADES<\/h4><\/div><\/div>\n\n<div class=\"et_pb_heading_1 et_pb_heading et_pb_module et_flex_module preset--module--divi-heading--68993514-5e9c-407b-b0f4-6fff01ba680d\"><div class=\"et_pb_heading_container\"><h1 class=\"et_pb_module_header\">Construcci\u00f3n Comercial<\/h1><\/div><\/div>\n\n<div class=\"et_pb_text_0 et_pb_text et_pb_bg_layout_light et_pb_module et_flex_module preset--module--divi-text--default\"><div class=\"et_pb_text_inner\"><p>Nuestras obras comienzan con el fondeo de inversores originarios que nos acompa\u00f1an desde hace tiempo y tambi\u00e9n socios que aportan recursos directos para la adquisici\u00f3n<\/p>\n<\/div><\/div>\n\n<div class=\"et_pb_module et_pb_button_module_wrapper et_pb_button_0_wrapper preset--module--divi-button--ba59af96-dc89-4dbd-8d1f-1253e152056a_wrapper\"><a class=\"et_pb_button_0 et_pb_button et_pb_bg_layout_light et_pb_module et_flex_module preset--module--divi-button--ba59af96-dc89-4dbd-8d1f-1253e152056a\" href=\"\">Empecemos un Proyecto<\/a><\/div>\n<\/div>\n<\/div>\n<\/div>\n\n<div class=\"et_pb_section_1 et_pb_section et_section_regular et_block_section preset--module--divi-section--default\">\n<div class=\"et_pb_row_1 et_pb_row et_block_row preset--module--divi-row--default\">\n<div class=\"et_pb_column_1 et_pb_column et-last-child et_block_column et_pb_css_mix_blend_mode_passthrough et_flex_column_24_24 et_flex_column_24_24_tablet et_flex_column_24_24_phone preset--module--divi-column--default\">\n<div class=\"et_pb_heading_2 et_pb_heading et_pb_module et_flex_module preset--module--divi-heading--b4f960fe-aee4-4cac-ba40-a277c046cbea\"><div class=\"et_pb_heading_container\"><h4 class=\"et_pb_module_header\">SERVICIOS<\/h4><\/div><\/div>\n\n<div class=\"et_pb_text_1 et_pb_text et_pb_bg_layout_light et_animated et_pb_module et_flex_module preset--module--divi-text--default\"><div class=\"et_pb_text_inner\" data-et-mv-hidden-phone=\"true\"><h1>Servicios<br \/>Comerciales\u00a0<\/h1>\n<\/div><\/div>\n<\/div>\n<\/div>\n\n<div class=\"et_pb_row_2 et_pb_row et_block_row preset--module--divi-row--c50044b7-7030-43ed-b71b-bb88d412f868\">\n<div class=\"et_pb_column_2 et_pb_column et_pb_column_1_3 et_block_column et_pb_css_mix_blend_mode_passthrough preset--module--divi-column--default\">\n<div class=\"et_pb_image_0 et_pb_image et_pb_module et_flex_module\"><span class=\"et_pb_image_wrap\"><img loading=\"lazy\" decoding=\"async\" src=\"https:\/\/feimus.com.ar\/constructiva\/wp-content\/uploads\/2025\/07\/construction-ss-09.jpg\" title=\"construction-ss-09\" width=\"960\" height=\"1140\" srcset=\"https:\/\/feimus.com.ar\/constructiva\/wp-content\/uploads\/2025\/07\/construction-ss-09.jpg 960w, https:\/\/feimus.com.ar\/constructiva\/wp-content\/uploads\/2025\/07\/construction-ss-09-480x570.jpg 480w\" sizes=\"(min-width: 0px) and (max-width: 480px) 480px, (min-width: 481px) 960px, 100vw\" class=\"wp-image-56\" \/><\/span><\/div>\n<\/div>\n\n<div class=\"et_pb_column_3 et_pb_column et_pb_column_2_3 et-last-child et_block_column et_pb_css_mix_blend_mode_passthrough preset--module--divi-column--default\">\n<div class=\"et_pb_text_2 et_pb_text et_pb_bg_layout_light et_pb_module et_flex_module preset--module--divi-text--default\"><div class=\"et_pb_text_inner\"><p>Nuestros servicios de Construcci\u00f3n Comercial est\u00e1n dise\u00f1ados para hacer realidad el departamento de sus sue\u00f1os con una artesan\u00eda inigualable y atenci\u00f3n personalizada. <strong>Desde la consulta inicial, trabajamos estrechamente con usted para comprender su visi\u00f3n y preferencias<\/strong>, traduci\u00e9ndolas en un dise\u00f1o personalizado que refleje su estilo y necesidades \u00fanicas. Utilizamos \u00fanicamente materiales de la m\u00e1s alta calidad para garantizar que su hogar no solo sea est\u00e9ticamente agradable, sino tambi\u00e9n duradero y construido para durar.<\/p>\n<p>Nuestro equipo de profesionales cualificados aplica una meticulosa artesan\u00eda durante todo el proceso de construcci\u00f3n, cumpliendo con estrictos est\u00e1ndares y plazos para garantizar una finalizaci\u00f3n puntual. <strong>Ofrecemos precios transparentes y una comunicaci\u00f3n clara, para que siempre sepa qu\u00e9 esperar y pueda tomar decisiones informadas en cada paso del proceso.<\/strong> Comprometidos con la eficiencia energ\u00e9tica y las pr\u00e1cticas sostenibles, integramos soluciones modernas y ecol\u00f3gicas para mejorar el rendimiento de su hogar y reducir los costos a largo plazo. Ya sea que busque caracter\u00edsticas de dise\u00f1o innovadoras, planos de planta flexibles o acabados de primera calidad, <strong>nuestro enfoque integral garantiza que su hogar no sea solo un lugar para vivir, sino un fiel reflejo de su estilo de vida y aspiraciones.<\/strong><\/p>\n<blockquote>\n<p>Nuestra dedicaci\u00f3n a la satisfacci\u00f3n del cliente significa que ofrecemos apoyo continuo incluso despu\u00e9s de que se complete la construcci\u00f3n, abordando cualquier inquietud y asegur\u00e1ndonos de que est\u00e9 completamente satisfecho con su nuevo hogar.<\/p>\n<\/blockquote>\n<\/div><\/div>\n<\/div>\n<\/div>\n<\/div>\n\n<div class=\"et_pb_section_2 et_pb_section et_section_regular et_block_section preset--module--divi-section--default\">\n<div class=\"et_pb_row_3 et_pb_row et_block_row preset--module--divi-row--default\">\n<div class=\"et_pb_column_4 et_pb_column et_pb_column_4_4 et-last-child et_block_column et_pb_css_mix_blend_mode_passthrough preset--module--divi-column--default\">\n<div class=\"et_pb_heading_3 et_pb_heading et_pb_module et_flex_module preset--module--divi-heading--b4f960fe-aee4-4cac-ba40-a277c046cbea\"><div class=\"et_pb_heading_container\"><h4 class=\"et_pb_module_header\">PROCESOS<\/h4><\/div><\/div>\n\n<div class=\"et_pb_heading_4 et_pb_heading et_animated et_pb_module et_flex_module preset--module--divi-heading--default\"><div class=\"et_pb_heading_container\"><h2 class=\"et_pb_module_header\">Procesos y resultados<\/h2><\/div><\/div>\n\n<div class=\"et_pb_accordion_0 et_pb_accordion et_animated et_pb_module et_block_module preset--module--divi-accordion--default\">\n<div class=\"et_pb_accordion_item_0 et_pb_accordion_item et_pb_toggle et_pb_module et_pb_toggle_open et_flex_module\"><h5 class=\"et_pb_toggle_title\">Planificaci\u00f3n previa a la construcci\u00f3n<\/h5><div class=\"et_pb_toggle_content et_flex_module\"><p>Aqu\u00ed se sientan las bases de un proyecto exitoso. Durante la planificaci\u00f3n previa a la construcci\u00f3n, colaboramos estrechamente con los clientes para definir el alcance del proyecto, establecer plazos, establecer presupuestos y anticipar posibles desaf\u00edos. Nos encargamos de la tramitaci\u00f3n de permisos y evaluaciones del terreno, y nos aseguramos de que se tenga en cuenta cada detalle antes de comenzar la obra.<\/p>\n<\/div><\/div>\n\n<div class=\"et_pb_accordion_item_1 et_pb_accordion_item et_pb_toggle et_pb_module et_pb_toggle_close et_flex_module\"><h5 class=\"et_pb_toggle_title\">Dise\u00f1o y Desarrollo<\/h5><div class=\"et_pb_toggle_content et_flex_module\"><p>Nuestra fase de dise\u00f1o y desarrollo convierte las ideas en planes viables. Trabajando junto con arquitectos e ingenieros, creamos planos detallados y renders 3D, garantizando que el dise\u00f1o se ajuste a su visi\u00f3n y necesidades funcionales. Esta fase tambi\u00e9n incluye la selecci\u00f3n de materiales y la finalizaci\u00f3n de las especificaciones, allanando el camino para la construcci\u00f3n.<\/p>\n<\/div><\/div>\n\n<div class=\"et_pb_accordion_item_2 et_pb_accordion_item et_pb_toggle et_pb_module et_pb_toggle_close et_flex_module\"><h5 class=\"et_pb_toggle_title\">Fase de Construcci\u00f3n<\/h5><div class=\"et_pb_toggle_content et_flex_module\"><p>La fase de construcci\u00f3n es donde su proyecto cobra vida. Nuestro equipo de profesionales cualificados se encarga de la ejecuci\u00f3n de los planes, gestionando cada aspecto, desde la cimentaci\u00f3n hasta los acabados. Priorizamos la seguridad, la calidad y la eficiencia, garantizando que el proyecto se ajuste al plazo previsto y cumpla con los m\u00e1s altos est\u00e1ndares de la industria.<\/p>\n<\/div><\/div>\n\n<div class=\"et_pb_accordion_item_3 et_pb_accordion_item et_pb_toggle et_pb_module et_pb_toggle_close et_flex_module\"><h5 class=\"et_pb_toggle_title\">Post-construcci\u00f3n y entrega<\/h5><div class=\"et_pb_toggle_content et_flex_module\"><p>Tras finalizar la construcci\u00f3n, realizamos una inspecci\u00f3n exhaustiva para garantizar que todo cumpla con nuestros estrictos criterios de calidad. Posteriormente, nos encargamos de la limpieza final, proporcionamos la documentaci\u00f3n necesaria y le entregamos oficialmente la propiedad. Nuestros servicios post-construcci\u00f3n incluyen la realizaci\u00f3n de peque\u00f1os ajustes y la garant\u00eda de su completa satisfacci\u00f3n con el resultado final.<\/p>\n<\/div><\/div>\n<\/div>\n<\/div>\n<\/div>\n<\/div>\n\n<div class=\"et_pb_section_3 et_pb_section et_section_regular et_block_section preset--module--divi-section--default\">\n<div class=\"et_pb_row_4 et_pb_row et_block_row et_animated preset--module--divi-row--1365c7e8-b2ae-4930-9b83-d84aadb3a724\">\n<div class=\"et_pb_column_5 et_pb_column et_pb_column_4_4 et-last-child et_block_column et_pb_css_mix_blend_mode_passthrough preset--module--divi-column--default\">\n<div class=\"et_pb_text_3 et_pb_text et_pb_bg_layout_dark et_pb_module et_flex_module preset--module--divi-text--ce7be099-ab92-4fb3-b87d-6f87f62cdebe\"><div class=\"et_pb_text_inner\"><p><span style=\"color: #ffffff;\"><strong>Llame por una Cotizaci\u00f3n<\/strong><\/span><\/p>\n<\/div><\/div>\n\n<div class=\"et_pb_heading_5 et_pb_heading et_pb_module et_flex_module preset--module--divi-heading--default\"><div class=\"et_pb_heading_container\"><h1 class=\"et_pb_module_header\">11 59547609<\/h1><\/div><\/div>\n\n<div class=\"et_pb_module et_pb_button_module_wrapper et_pb_button_1_wrapper preset--module--divi-button--f8a2e2ba-6df6-4c4d-a97e-89770dfee535_wrapper\"><a class=\"et_pb_button_1 et_pb_button et_pb_bg_layout_light et_pb_module et_flex_module preset--module--divi-button--f8a2e2ba-6df6-4c4d-a97e-89770dfee535\" href=\"\">Formulario de estimaci\u00f3n en l\u00ednea<\/a><\/div>\n<\/div>\n<\/div>\n<\/div>","protected":false},"excerpt":{"rendered":"","protected":false},"author":1,"featured_media":0,"parent":0,"menu_order":0,"comment_status":"closed","ping_status":"closed","template":"","meta":{"_joinchat":[],"footnotes":""},"class_list":["post-26","page","type-page","status-publish","hentry"],"_links":{"self":[{"href":"https:\/\/feimus.com.ar\/constructiva\/wp-json\/wp\/v2\/pages\/26","targetHints":{"allow":["GET"]}}],"collection":[{"href":"https:\/\/feimus.com.ar\/constructiva\/wp-json\/wp\/v2\/pages"}],"about":[{"href":"https:\/\/feimus.com.ar\/constructiva\/wp-json\/wp\/v2\/types\/page"}],"author":[{"embeddable":true,"href":"https:\/\/feimus.com.ar\/constructiva\/wp-json\/wp\/v2\/users\/1"}],"replies":[{"embeddable":true,"href":"https:\/\/feimus.com.ar\/constructiva\/wp-json\/wp\/v2\/comments?post=26"}],"version-history":[{"count":31,"href":"https:\/\/feimus.com.ar\/constructiva\/wp-json\/wp\/v2\/pages\/26\/revisions"}],"predecessor-version":[{"id":676,"href":"https:\/\/feimus.com.ar\/constructiva\/wp-json\/wp\/v2\/pages\/26\/revisions\/676"}],"wp:attachment":[{"href":"https:\/\/feimus.com.ar\/constructiva\/wp-json\/wp\/v2\/media?parent=26"}],"curies":[{"name":"wp","href":"https:\/\/api.w.org\/{rel}","templated":true}]}}