{"id":22,"date":"2025-07-11T19:04:35","date_gmt":"2025-07-11T17:04:35","guid":{"rendered":"https:\/\/feimus.com.ar\/constructiva\/?page_id=22"},"modified":"2025-08-14T13:25:43","modified_gmt":"2025-08-14T16:25:43","slug":"portfolio","status":"publish","type":"page","link":"https:\/\/feimus.com.ar\/constructiva\/portfolio\/","title":{"rendered":"Proyectos"},"content":{"rendered":"<div class=\"et_pb_section_0 et_pb_section et_section_regular et_block_section et_pb_section_parallax kb-zoomout preset--module--divi-section--d0a454e8-136b-41bf-8d24-9f225a83a7ee\"><span class=\"et-pb-parallax-wrapper\"><span class=\"et-pb-parallax-background et-pb-parallax-background--css et-pb-parallax-background-module--divi-section-0\" style=\"background-image:url(https:\/\/feimus.com.ar\/constructiva\/wp-content\/uploads\/2025\/07\/construction-ss-13.jpg)\"><\/span><span class=\"et_parallax_gradient et_pb_parallax_css\" style=\"background-image:linear-gradient(180deg, var(--gcid-5db33a49-baae-4e7c-aa02-ce43ed4351a8) 0%,var(--gcid-4907c8d4-9eff-49de-91ce-43a2d3a729cf) 100%)\"><\/span><\/span>\n<div class=\"et_pb_row_0 et_pb_row et_block_row preset--module--divi-row--default\">\n<div class=\"et_pb_column_0 et_pb_column et_pb_column_4_4 et-last-child et_block_column et_pb_css_mix_blend_mode_passthrough preset--module--divi-column--default\">\n<div class=\"et_pb_heading_0 et_pb_heading et_pb_module et_flex_module preset--module--divi-heading--b4f960fe-aee4-4cac-ba40-a277c046cbea\"><div class=\"et_pb_heading_container\"><h4 class=\"et_pb_module_header\">CONSTRUYENDo SUE\u00d1OS<\/h4><\/div><\/div>\n\n<div class=\"et_pb_heading_1 et_pb_heading et_pb_module et_flex_module preset--module--divi-heading--68993514-5e9c-407b-b0f4-6fff01ba680d\"><div class=\"et_pb_heading_container\"><h1 class=\"et_pb_module_header\">Proyectos<\/h1><\/div><\/div>\n\n<div class=\"et_pb_text_0 et_pb_text et_pb_bg_layout_light et_pb_module et_flex_module preset--module--divi-text--default\"><div class=\"et_pb_text_inner\"><p><strong>Nuestras obras comienzan con el fondeo de inversores originarios<\/strong> que nos acompa\u00f1an desde hace tiempo y tambi\u00e9n socios que aportan recursos directos para la adquisici\u00f3n<\/p>\n<\/div><\/div>\n<\/div>\n<\/div>\n<\/div>\n\n<div class=\"et_pb_section_1 et_pb_section et_section_regular et_block_section preset--module--divi-section--default\">\n<div class=\"et_pb_row_1 et_pb_row et_block_row preset--module--divi-row--default\">\n<div class=\"et_pb_column_1 et_pb_column et-last-child et_block_column et_pb_css_mix_blend_mode_passthrough et_flex_column_24_24 et_flex_column_24_24_tablet et_flex_column_24_24_phone preset--module--divi-column--default\">\n<div class=\"et_pb_text_1 et_pb_text et_pb_bg_layout_light et_animated et_pb_module et_flex_module preset--module--divi-text--default\"><div class=\"et_pb_text_inner\" data-et-mv-hidden-phone=\"true\"><h1>Construcci\u00f3n<\/h1>\n<\/div><\/div>\n<\/div>\n<\/div>\n\n<div class=\"et_pb_row_2 et_pb_row et_block_row preset--module--divi-row--default\">\n<div class=\"et_pb_column_2 et_pb_column et_pb_column_1_2 et_block_column et_pb_css_mix_blend_mode_passthrough preset--module--divi-column--f8d6966a-a003-426d-a8c0-b80e3d4d1607\">\n<div class=\"et_pb_image_0 et_pb_image et_pb_module et_flex_module\"><span class=\"et_pb_image_wrap\"><img loading=\"lazy\" decoding=\"async\" src=\"https:\/\/feimus.com.ar\/constructiva\/wp-content\/uploads\/2025\/07\/construction-ss-21b.jpg\" title=\"construction-ss-21b\" width=\"900\" height=\"600\" srcset=\"https:\/\/feimus.com.ar\/constructiva\/wp-content\/uploads\/2025\/07\/construction-ss-21b.jpg 900w, https:\/\/feimus.com.ar\/constructiva\/wp-content\/uploads\/2025\/07\/construction-ss-21b-480x320.jpg 480w\" sizes=\"(min-width: 0px) and (max-width: 480px) 480px, (min-width: 481px) 900px, 100vw\" class=\"wp-image-36\" \/><\/span><\/div>\n\n<div class=\"et_pb_heading_2 et_pb_heading et_pb_module et_flex_module preset--module--divi-heading--fbc05b3d-1af4-41d9-8f42-928f522ea2d8\"><div class=\"et_pb_heading_container\"><h5 class=\"et_pb_module_header\">Construcci\u00f3n Residencial<\/h5><\/div><\/div>\n\n<div class=\"et_pb_text_2 et_pb_text et_pb_bg_layout_light et_pb_module et_flex_module preset--module--divi-text--default\"><div class=\"et_pb_text_inner\"><p>Nos especializamos en construir casas personalizadas que se adaptan a su estilo de vida. Nuestro equipo trabaja estrechamente con usted desde la concepci\u00f3n hasta la finalizaci\u00f3n, garantizando que la casa de sus sue\u00f1os se haga realidad.<\/p>\n<\/div><\/div>\n\n<div class=\"et_pb_module et_pb_button_module_wrapper et_pb_button_0_wrapper preset--module--divi-button--c5203794-f746-4cf5-b8fe-dd1f6a0ff991_wrapper\"><a class=\"et_pb_button_0 et_pb_button et_pb_bg_layout_light et_pb_module et_flex_module preset--module--divi-button--c5203794-f746-4cf5-b8fe-dd1f6a0ff991\" href=\"\">Saber M\u00e1s<\/a><\/div>\n<\/div>\n\n<div class=\"et_pb_column_3 et_pb_column et_pb_column_1_2 et-last-child et_block_column et_pb_css_mix_blend_mode_passthrough preset--module--divi-column--f8d6966a-a003-426d-a8c0-b80e3d4d1607\">\n<div class=\"et_pb_image_1 et_pb_image et_pb_module et_flex_module\"><span class=\"et_pb_image_wrap\"><img loading=\"lazy\" decoding=\"async\" src=\"https:\/\/feimus.com.ar\/constructiva\/wp-content\/uploads\/2025\/07\/construction-ss-10.jpg\" title=\"construction-ss-10\" width=\"900\" height=\"600\" srcset=\"https:\/\/feimus.com.ar\/constructiva\/wp-content\/uploads\/2025\/07\/construction-ss-10.jpg 900w, https:\/\/feimus.com.ar\/constructiva\/wp-content\/uploads\/2025\/07\/construction-ss-10-480x320.jpg 480w\" sizes=\"(min-width: 0px) and (max-width: 480px) 480px, (min-width: 481px) 900px, 100vw\" class=\"wp-image-42\" \/><\/span><\/div>\n\n<div class=\"et_pb_heading_3 et_pb_heading et_pb_module et_flex_module preset--module--divi-heading--fbc05b3d-1af4-41d9-8f42-928f522ea2d8\"><div class=\"et_pb_heading_container\"><h5 class=\"et_pb_module_header\">Construcci\u00f3n Comercial<\/h5><\/div><\/div>\n\n<div class=\"et_pb_text_3 et_pb_text et_pb_bg_layout_light et_pb_module et_flex_module preset--module--divi-text--default\"><div class=\"et_pb_text_inner\"><p>Desde espacios comerciales hasta edificios de oficinas, ofrecemos servicios de construcci\u00f3n comercial que priorizan la funcionalidad, la est\u00e9tica y la entrega oportuna.<\/p>\n<\/div><\/div>\n\n<div class=\"et_pb_module et_pb_button_module_wrapper et_pb_button_1_wrapper preset--module--divi-button--c5203794-f746-4cf5-b8fe-dd1f6a0ff991_wrapper\"><a class=\"et_pb_button_1 et_pb_button et_pb_bg_layout_light et_pb_module et_flex_module preset--module--divi-button--c5203794-f746-4cf5-b8fe-dd1f6a0ff991\" href=\"\">Saber M\u00e1s<\/a><\/div>\n<\/div>\n<\/div>\n\n<div class=\"et_pb_row_3 et_pb_row et_block_row preset--module--divi-row--default\">\n<div class=\"et_pb_column_4 et_pb_column et_pb_column_1_2 et_block_column et_pb_css_mix_blend_mode_passthrough preset--module--divi-column--f8d6966a-a003-426d-a8c0-b80e3d4d1607\">\n<div class=\"et_pb_image_2 et_pb_image et_pb_module et_flex_module\"><span class=\"et_pb_image_wrap\"><img loading=\"lazy\" decoding=\"async\" src=\"https:\/\/feimus.com.ar\/constructiva\/wp-content\/uploads\/2025\/07\/construction-ss-12.jpg\" title=\"construction-ss-12\" width=\"900\" height=\"600\" srcset=\"https:\/\/feimus.com.ar\/constructiva\/wp-content\/uploads\/2025\/07\/construction-ss-12.jpg 900w, https:\/\/feimus.com.ar\/constructiva\/wp-content\/uploads\/2025\/07\/construction-ss-12-480x320.jpg 480w\" sizes=\"(min-width: 0px) and (max-width: 480px) 480px, (min-width: 481px) 900px, 100vw\" class=\"wp-image-43\" \/><\/span><\/div>\n\n<div class=\"et_pb_heading_4 et_pb_heading et_pb_module et_flex_module preset--module--divi-heading--fbc05b3d-1af4-41d9-8f42-928f522ea2d8\"><div class=\"et_pb_heading_container\"><h5 class=\"et_pb_module_header\">Renovaciones y remodelaciones<\/h5><\/div><\/div>\n\n<div class=\"et_pb_text_4 et_pb_text et_pb_bg_layout_light et_pb_module et_flex_module preset--module--divi-text--default\"><div class=\"et_pb_text_inner\"><p>Ya sea una remodelaci\u00f3n de cocina o una renovaci\u00f3n completa de la casa, le damos nueva vida a su espacio con un dise\u00f1o moderno y artesan\u00eda de calidad.<\/p>\n<\/div><\/div>\n\n<div class=\"et_pb_module et_pb_button_module_wrapper et_pb_button_2_wrapper preset--module--divi-button--c5203794-f746-4cf5-b8fe-dd1f6a0ff991_wrapper\"><a class=\"et_pb_button_2 et_pb_button et_pb_bg_layout_light et_pb_module et_flex_module preset--module--divi-button--c5203794-f746-4cf5-b8fe-dd1f6a0ff991\" href=\"\">Saber M\u00e1s<\/a><\/div>\n<\/div>\n\n<div class=\"et_pb_column_5 et_pb_column et_pb_column_1_2 et-last-child et_block_column et_pb_css_mix_blend_mode_passthrough preset--module--divi-column--f8d6966a-a003-426d-a8c0-b80e3d4d1607\">\n<div class=\"et_pb_image_3 et_pb_image et_pb_module et_flex_module\"><span class=\"et_pb_image_wrap\"><img loading=\"lazy\" decoding=\"async\" src=\"https:\/\/feimus.com.ar\/constructiva\/wp-content\/uploads\/2025\/07\/construction-ss-13.jpg\" title=\"construction-ss-13\" width=\"900\" height=\"600\" srcset=\"https:\/\/feimus.com.ar\/constructiva\/wp-content\/uploads\/2025\/07\/construction-ss-13.jpg 900w, https:\/\/feimus.com.ar\/constructiva\/wp-content\/uploads\/2025\/07\/construction-ss-13-480x320.jpg 480w\" sizes=\"(min-width: 0px) and (max-width: 480px) 480px, (min-width: 481px) 900px, 100vw\" class=\"wp-image-44\" \/><\/span><\/div>\n\n<div class=\"et_pb_heading_5 et_pb_heading et_pb_module et_flex_module preset--module--divi-heading--fbc05b3d-1af4-41d9-8f42-928f522ea2d8\"><div class=\"et_pb_heading_container\"><h5 class=\"et_pb_module_header\">Hormig\u00f3n y mamposter\u00eda<\/h5><\/div><\/div>\n\n<div class=\"et_pb_text_5 et_pb_text et_pb_bg_layout_light et_pb_module et_flex_module preset--module--divi-text--default\"><div class=\"et_pb_text_inner\"><p>Nuestros artesanos expertos brindan servicios excepcionales de concreto y mamposter\u00eda, que incluyen entradas para veh\u00edculos, patios y trabajos estructurales que resisten el paso del tiempo.<\/p>\n<\/div><\/div>\n\n<div class=\"et_pb_module et_pb_button_module_wrapper et_pb_button_3_wrapper preset--module--divi-button--c5203794-f746-4cf5-b8fe-dd1f6a0ff991_wrapper\"><a class=\"et_pb_button_3 et_pb_button et_pb_bg_layout_light et_pb_module et_flex_module preset--module--divi-button--c5203794-f746-4cf5-b8fe-dd1f6a0ff991\" href=\"\">Saber M\u00e1s<\/a><\/div>\n<\/div>\n<\/div>\n\n<div class=\"et_pb_row_4 et_pb_row et_block_row preset--module--divi-row--default\">\n<div class=\"et_pb_column_6 et_pb_column et_pb_column_1_2 et_block_column et_pb_css_mix_blend_mode_passthrough preset--module--divi-column--f8d6966a-a003-426d-a8c0-b80e3d4d1607\">\n<div class=\"et_pb_image_4 et_pb_image et_pb_module et_flex_module\"><span class=\"et_pb_image_wrap\"><img loading=\"lazy\" decoding=\"async\" src=\"https:\/\/feimus.com.ar\/constructiva\/wp-content\/uploads\/2025\/07\/construction-ss-14.jpg\" title=\"construction-ss-14\" width=\"900\" height=\"600\" srcset=\"https:\/\/feimus.com.ar\/constructiva\/wp-content\/uploads\/2025\/07\/construction-ss-14.jpg 900w, https:\/\/feimus.com.ar\/constructiva\/wp-content\/uploads\/2025\/07\/construction-ss-14-480x320.jpg 480w\" sizes=\"(min-width: 0px) and (max-width: 480px) 480px, (min-width: 481px) 900px, 100vw\" class=\"wp-image-45\" \/><\/span><\/div>\n\n<div class=\"et_pb_heading_6 et_pb_heading et_pb_module et_flex_module preset--module--divi-heading--fbc05b3d-1af4-41d9-8f42-928f522ea2d8\"><div class=\"et_pb_heading_container\"><h5 class=\"et_pb_module_header\">Gesti\u00f3n de proyectos<\/h5><\/div><\/div>\n\n<div class=\"et_pb_text_6 et_pb_text et_pb_bg_layout_light et_pb_module et_flex_module preset--module--divi-text--default\"><div class=\"et_pb_text_inner\"><p>Nuestro equipo de gesti\u00f3n de proyectos garantiza que cada aspecto de su proyecto de construcci\u00f3n se desarrolle sin problemas, a tiempo y dentro del presupuesto.<\/p>\n<\/div><\/div>\n\n<div class=\"et_pb_module et_pb_button_module_wrapper et_pb_button_4_wrapper preset--module--divi-button--c5203794-f746-4cf5-b8fe-dd1f6a0ff991_wrapper\"><a class=\"et_pb_button_4 et_pb_button et_pb_bg_layout_light et_pb_module et_flex_module preset--module--divi-button--c5203794-f746-4cf5-b8fe-dd1f6a0ff991\" href=\"\">Saber M\u00e1s<\/a><\/div>\n<\/div>\n\n<div class=\"et_pb_column_7 et_pb_column et_pb_column_1_2 et-last-child et_block_column et_pb_css_mix_blend_mode_passthrough preset--module--divi-column--f8d6966a-a003-426d-a8c0-b80e3d4d1607\">\n<div class=\"et_pb_image_5 et_pb_image et_pb_module et_flex_module\"><span class=\"et_pb_image_wrap\"><img loading=\"lazy\" decoding=\"async\" src=\"https:\/\/feimus.com.ar\/constructiva\/wp-content\/uploads\/2025\/07\/construction-ss-10.jpg\" title=\"construction-ss-15\" width=\"900\" height=\"600\" srcset=\"https:\/\/feimus.com.ar\/constructiva\/wp-content\/uploads\/2025\/07\/construction-ss-10.jpg 900w, https:\/\/feimus.com.ar\/constructiva\/wp-content\/uploads\/2025\/07\/construction-ss-10-480x320.jpg 480w\" sizes=\"(min-width: 0px) and (max-width: 480px) 480px, (min-width: 481px) 900px, 100vw\" class=\"wp-image-42\" \/><\/span><\/div>\n\n<div class=\"et_pb_heading_7 et_pb_heading et_pb_module et_flex_module preset--module--divi-heading--fbc05b3d-1af4-41d9-8f42-928f522ea2d8\"><div class=\"et_pb_heading_container\"><h5 class=\"et_pb_module_header\">Edificio ecol\u00f3gico<\/h5><\/div><\/div>\n\n<div class=\"et_pb_text_7 et_pb_text et_pb_bg_layout_light et_pb_module et_flex_module preset--module--divi-text--default\"><div class=\"et_pb_text_inner\"><p>Comprometidos con la sostenibilidad, ofrecemos soluciones de construcci\u00f3n verde que minimizan el impacto ambiental y maximizan la eficiencia energ\u00e9tica.<\/p>\n<\/div><\/div>\n\n<div class=\"et_pb_module et_pb_button_module_wrapper et_pb_button_5_wrapper preset--module--divi-button--c5203794-f746-4cf5-b8fe-dd1f6a0ff991_wrapper\"><a class=\"et_pb_button_5 et_pb_button et_pb_bg_layout_light et_pb_module et_flex_module preset--module--divi-button--c5203794-f746-4cf5-b8fe-dd1f6a0ff991\" href=\"\">Saber M\u00e1s<\/a><\/div>\n<\/div>\n<\/div>\n<\/div>\n\n<div class=\"et_pb_section_2 et_pb_section et_section_regular et_block_section preset--module--divi-section--default\">\n<div class=\"et_pb_row_5 et_pb_row et_block_row preset--module--divi-row--default\">\n<div class=\"et_pb_column_8 et_pb_column et-last-child et_block_column et_pb_css_mix_blend_mode_passthrough et_flex_column_24_24 et_flex_column_24_24_tablet et_flex_column_24_24_phone preset--module--divi-column--default\">\n<div class=\"et_pb_text_8 et_pb_text et_pb_bg_layout_light et_animated et_pb_module et_flex_module preset--module--divi-text--default\"><div class=\"et_pb_text_inner\" data-et-mv-hidden-phone=\"true\"><h1><span style=\"color: #919191;\">Construyamos<\/span><br \/>Algo Juntos<\/h1>\n<\/div><\/div>\n<\/div>\n<\/div>\n\n<div class=\"et_pb_row_6 et_pb_row et_pb_equal_columns et_pb_gutters1 et_block_row preset--module--divi-row--default\">\n<div class=\"et_pb_column_9 et_pb_column et_pb_column_1_2 et_block_column et_pb_css_mix_blend_mode_passthrough preset--module--divi-column--default\">\n<div class=\"et_pb_toggle_0 et_pb_toggle et_pb_toggle_item et_pb_toggle_close et_pb_module et_flex_module preset--module--divi-toggle--default\"><h5 class=\"et_pb_toggle_title\">Construcci\u00f3n Residencial<\/h5><div class=\"et_pb_toggle_content clearfix et_flex_module\"><p>Hacemos realidad la casa de sus sue\u00f1os, ya sea una casa a medida, un moderno complejo de apartamentos o una renovaci\u00f3n completa. Nuestros servicios de construcci\u00f3n residencial priorizan la calidad de la mano de obra, la eficiencia energ\u00e9tica y el dise\u00f1o personalizado para crear espacios que reflejen su estilo de vida y satisfagan las necesidades de su familia durante a\u00f1os.<\/p>\n<\/div><\/div>\n\n<div class=\"et_pb_toggle_1 et_pb_toggle et_pb_toggle_item et_pb_toggle_close et_pb_module et_flex_module preset--module--divi-toggle--default\"><h5 class=\"et_pb_toggle_title\">Construcci\u00f3n Comercial<\/h5><div class=\"et_pb_toggle_content clearfix et_flex_module\"><p>Nuestros servicios de construcci\u00f3n comercial est\u00e1n dise\u00f1ados para apoyar a empresas de todos los tama\u00f1os. Desde edificios de oficinas y locales comerciales hasta almacenes e instalaciones industriales, ofrecemos espacios funcionales y est\u00e9ticamente agradables que mejoran la productividad y dejan una impresi\u00f3n duradera en nuestros clientes. Trabajamos con plazos y presupuestos ajustados para garantizar que sus operaciones funcionen a la perfecci\u00f3n.<\/p>\n<\/div><\/div>\n\n<div class=\"et_pb_toggle_2 et_pb_toggle et_pb_toggle_item et_pb_toggle_close et_pb_module et_flex_module preset--module--divi-toggle--default\"><h5 class=\"et_pb_toggle_title\">Construcci\u00f3n Industrial<\/h5><div class=\"et_pb_toggle_content clearfix et_flex_module\"><p>Nos especializamos en proyectos de construcci\u00f3n industrial que requieren ingenier\u00eda de precisi\u00f3n e infraestructura robusta. Ya sea una planta de fabricaci\u00f3n, un centro de distribuci\u00f3n o un almac\u00e9n, nuestro equipo ofrece soluciones duraderas, eficientes y escalables que satisfacen las necesidades espec\u00edficas de las operaciones industriales. Priorizamos la seguridad, el cumplimiento normativo y la sostenibilidad a largo plazo en cada proyecto.<\/p>\n<\/div><\/div>\n\n<div class=\"et_pb_toggle_3 et_pb_toggle et_pb_toggle_item et_pb_toggle_close et_pb_module et_flex_module preset--module--divi-toggle--default\"><h5 class=\"et_pb_toggle_title\">Renovaciones y remodelaciones<\/h5><div class=\"et_pb_toggle_content clearfix et_flex_module\"><p>Transforme su espacio actual con nuestros servicios de renovaci\u00f3n y remodelaci\u00f3n. Ya sea que est\u00e9 renovando una sola habitaci\u00f3n o reimaginando toda su propiedad, trabajaremos con usted para crear espacios modernos y funcionales que se adapten a sus necesidades cambiantes. Nos enfocamos en mejorar el valor, la comodidad y el atractivo est\u00e9tico de su espacio, minimizando las interrupciones durante el proceso.<\/p>\n<\/div><\/div>\n<\/div>\n\n<div class=\"et_pb_column_10 et_pb_column et_pb_column_1_2 et-last-child et_block_column et_pb_css_mix_blend_mode_passthrough preset--module--divi-column--f61be372-a7ac-411c-aa86-ec26745f8747\">\n<div class=\"et_pb_heading_8 et_pb_heading et_pb_module et_flex_module preset--module--divi-heading--87fe1e80-08b5-4f6f-9da8-b417ef8ae892\"><div class=\"et_pb_heading_container\"><h1 class=\"et_pb_module_header\">Obtenga una cotizaci\u00f3n para su proyecto<\/h1><\/div><\/div>\n\n<div class=\"et_pb_text_9 et_pb_text et_pb_bg_layout_light et_pb_module et_flex_module preset--module--divi-text--705ba1e0-5d11-45d4-9746-7ff1407cbd18\"><div class=\"et_pb_text_inner\"><p>\u00bfListo para hacer realidad tu visi\u00f3n? Cont\u00e1ctanos hoy para obtener un presupuesto personalizado adaptado a las necesidades de tu proyecto. \u00a1Comencemos a construir juntos!<\/p>\n<\/div><\/div>\n\n<div class=\"et_pb_module et_pb_button_module_wrapper et_pb_button_6_wrapper preset--module--divi-button--f8a2e2ba-6df6-4c4d-a97e-89770dfee535_wrapper\"><a class=\"et_pb_button_6 et_pb_button et_pb_bg_layout_light et_pb_module et_flex_module preset--module--divi-button--f8a2e2ba-6df6-4c4d-a97e-89770dfee535\" href=\"\">Cont\u00e1ctenos<\/a><\/div>\n<\/div>\n<\/div>\n<\/div>","protected":false},"excerpt":{"rendered":"","protected":false},"author":1,"featured_media":0,"parent":0,"menu_order":0,"comment_status":"closed","ping_status":"closed","template":"","meta":{"_joinchat":[],"footnotes":""},"class_list":["post-22","page","type-page","status-publish","hentry"],"_links":{"self":[{"href":"https:\/\/feimus.com.ar\/constructiva\/wp-json\/wp\/v2\/pages\/22","targetHints":{"allow":["GET"]}}],"collection":[{"href":"https:\/\/feimus.com.ar\/constructiva\/wp-json\/wp\/v2\/pages"}],"about":[{"href":"https:\/\/feimus.com.ar\/constructiva\/wp-json\/wp\/v2\/types\/page"}],"author":[{"embeddable":true,"href":"https:\/\/feimus.com.ar\/constructiva\/wp-json\/wp\/v2\/users\/1"}],"replies":[{"embeddable":true,"href":"https:\/\/feimus.com.ar\/constructiva\/wp-json\/wp\/v2\/comments?post=22"}],"version-history":[{"count":22,"href":"https:\/\/feimus.com.ar\/constructiva\/wp-json\/wp\/v2\/pages\/22\/revisions"}],"predecessor-version":[{"id":660,"href":"https:\/\/feimus.com.ar\/constructiva\/wp-json\/wp\/v2\/pages\/22\/revisions\/660"}],"wp:attachment":[{"href":"https:\/\/feimus.com.ar\/constructiva\/wp-json\/wp\/v2\/media?parent=22"}],"curies":[{"name":"wp","href":"https:\/\/api.w.org\/{rel}","templated":true}]}}