{"id":18,"date":"2025-07-11T19:04:35","date_gmt":"2025-07-11T17:04:35","guid":{"rendered":"https:\/\/feimus.com.ar\/constructiva\/?page_id=18"},"modified":"2025-08-16T14:31:11","modified_gmt":"2025-08-16T17:31:11","slug":"contacto","status":"publish","type":"page","link":"https:\/\/feimus.com.ar\/constructiva\/contacto\/","title":{"rendered":"Contacto"},"content":{"rendered":"<div class=\"et_pb_section_0 et_pb_section et_section_regular et_block_section et_pb_section_parallax kb-zoomin preset--module--divi-section--default\"><span class=\"et-pb-parallax-wrapper\"><span class=\"et-pb-parallax-background et-pb-parallax-background--css et-pb-parallax-background-module--divi-section-0\" style=\"background-image:url(https:\/\/feimus.com.ar\/constructiva\/wp-content\/uploads\/2025\/07\/construction-ss-08.jpg)\"><\/span><span class=\"et_parallax_gradient et_pb_parallax_css\" style=\"background-image:linear-gradient(180deg, rgba(60, 79, 107, 0.02) 0%,rgba(20, 27, 37, 0.76) 39%,#000000 74% 100%)\"><\/span><\/span>\n<div class=\"et_pb_row_0 et_pb_row et_block_row preset--module--divi-row--default\">\n<div class=\"et_pb_column_0 et_pb_column et_pb_column_4_4 et-last-child et_block_column et_pb_css_mix_blend_mode_passthrough preset--module--divi-column--default\">\n<div class=\"et_pb_heading_0 et_pb_heading et_pb_module et_flex_module preset--module--divi-heading--68993514-5e9c-407b-b0f4-6fff01ba680d\"><div class=\"et_pb_heading_container\"><h1 class=\"et_pb_module_header\">Estemos en contacto<\/h1><\/div><\/div>\n<\/div>\n<\/div>\n\n<div class=\"et_pb_row_1 et_pb_row et_block_row preset--module--divi-row--default\">\n<div class=\"et_pb_column_1 et_pb_column et_pb_column_1_2 et_block_column et_pb_css_mix_blend_mode_passthrough preset--module--divi-column--default\">\n<div class=\"et_pb_image_0 et_pb_image et_pb_module et_flex_module\"><span class=\"et_pb_image_wrap\"><img loading=\"lazy\" decoding=\"async\" src=\"https:\/\/feimus.com.ar\/constructiva\/wp-content\/uploads\/2025\/07\/logo-constructiva-sin-bajada.png\" width=\"350\" height=\"82\" srcset=\"https:\/\/feimus.com.ar\/constructiva\/wp-content\/uploads\/2025\/07\/logo-constructiva-sin-bajada.png 350w, https:\/\/feimus.com.ar\/constructiva\/wp-content\/uploads\/2025\/07\/logo-constructiva-sin-bajada-300x70.png 300w\" sizes=\"(max-width: 350px) 100vw, 350px\" class=\"wp-image-473\" \/><\/span><\/div>\n\n<div class=\"et_pb_contact_form_0 et_pb_contact_form_container clearfix et_pb_recaptcha_enabled et_pb_module et_flex_module preset--module--divi-contact-form--default\" data-form_unique_num=\"0\" data-form_unique_id=\"7067d836e5cc6b8d0df5f1ee01accc26\" id=\"et_pb_contact_form_7067d836e5cc6b8d0df5f1ee01accc26\"><div class=\"et-pb-contact-message\"><\/div><div class=\"et_pb_contact\"><form class=\"et_pb_contact_form et_flex_module\" method=\"post\" action=\"https:\/\/feimus.com.ar\/constructiva\/wp-json\/wp\/v2\/pages\/18\">\n<div class=\"et_pb_contact_field_0 et_pb_contact_field et_pb_module et_flex_module et_flex_column_24_24 et_flex_column_24_24_tablet et_flex_column_24_24_phone\" data-id=\"name\" data-type=\"input\"><label class=\"et_pb_contact_form_label\" for=\"et_pb_contact_0_name_0\">Nombre<\/label><input type=\"text\" name=\"et_pb_contact_0_name_0\" id=\"et_pb_contact_0_name_0\" class=\"input\" data-required_mark=\"required\" data-field_type=\"input\" data-original_id=\"name\" placeholder=\"Nombre\" title=\"\" value=\"\" \/><\/div>\n\n<div class=\"et_pb_contact_field_1 et_pb_contact_field et_pb_module et_flex_module et_flex_column_24_24 et_flex_column_24_24_tablet et_flex_column_24_24_phone\" data-id=\"email\" data-type=\"email\"><label class=\"et_pb_contact_form_label\" for=\"et_pb_contact_0_email_1\">Email<\/label><input type=\"text\" name=\"et_pb_contact_0_email_1\" id=\"et_pb_contact_0_email_1\" class=\"input\" data-required_mark=\"required\" data-field_type=\"email\" data-original_id=\"email\" placeholder=\"Email\" title=\"\" value=\"\" \/><\/div>\n\n<div class=\"et_pb_contact_field_2 et_pb_contact_field et_pb_module et_flex_module et_flex_column_24_24 et_flex_column_24_24_tablet et_flex_column_24_24_phone\" data-id=\"message\" data-type=\"text\"><label class=\"et_pb_contact_form_label\" for=\"et_pb_contact_0_message_2\">Mensaje<\/label><textarea name=\"et_pb_contact_0_message_2\" id=\"et_pb_contact_0_message_2\" class=\"et_pb_contact_message input\" data-required_mark=\"required\" data-field_type=\"text\" data-original_id=\"message\" placeholder=\"Mensaje\"><\/textarea><\/div>\n<input type=\"hidden\" name=\"et_pb_contactform_submit_7067d836e5cc6b8d0df5f1ee01accc26\" value=\"et_contact_proccess\" \/><div class=\"et_contact_bottom_container\"><div class=\"et_pb_button_wrapper\"><button type=\"submit\" name=\"et_builder_submit_button\" class=\"et_pb_button et_pb_contact_submit\">ENVIAR<\/button><\/div><\/div><input type=\"hidden\" id=\"_wpnonce-et-pb-contact-form-submitted-7067d836e5cc6b8d0df5f1ee01accc26\" name=\"_wpnonce-et-pb-contact-form-submitted-7067d836e5cc6b8d0df5f1ee01accc26\" value=\"a50f47bcf1\" \/><input type=\"hidden\" name=\"_wp_http_referer\" value=\"\/constructiva\/wp-json\/wp\/v2\/pages\/18\" \/><\/form><\/div><\/div>\n<\/div>\n\n<div class=\"et_pb_column_2 et_pb_column et_pb_column_1_2 et-last-child et_block_column et_pb_css_mix_blend_mode_passthrough preset--module--divi-column--0e2b69d1-3a37-4800-8ad4-5befcee85bc0\">\n<div class=\"et_pb_heading_1 et_pb_heading et_pb_module et_flex_module preset--module--divi-heading--7ff2aa0d-bbad-4a08-a06d-9d8399603c87\"><div class=\"et_pb_heading_container\"><h6 class=\"et_pb_module_header\">Tenga un Presupuesto Aproximado<\/h6><\/div><\/div>\n\n<div class=\"et_pb_heading_2 et_pb_heading et_clickable et_pb_module et_flex_module preset--module--divi-heading--6347af1f-7d86-438a-96a2-07a56fcc4605\"><div class=\"et_pb_heading_container\"><h3 class=\"et_pb_module_header\">11 59547609<\/h3><\/div><\/div>\n\n<div class=\"et_pb_module et_pb_button_module_wrapper et_pb_button_0_wrapper preset--module--divi-button--f8a2e2ba-6df6-4c4d-a97e-89770dfee535_wrapper\"><a class=\"et_pb_button_0 et_pb_button et_pb_bg_layout_light et_pb_module et_flex_module preset--module--divi-button--f8a2e2ba-6df6-4c4d-a97e-89770dfee535\" href=\"\" data-interaction-trigger=\"vxtrwdmxmv\">CONSULTAR<\/a><\/div>\n<\/div>\n<\/div>\n<\/div>\n\n<div class=\"et_pb_section_1 et_pb_section et_section_regular et_block_section preset--module--divi-section--default\">\n<div class=\"et_pb_row_2 et_pb_row et_block_row preset--module--divi-row--default\">\n<div class=\"et_pb_column_3 et_pb_column et_pb_column_4_4 et-last-child et_block_column et_pb_css_mix_blend_mode_passthrough preset--module--divi-column--default\">\n<div class=\"et_pb_heading_3 et_pb_heading et_pb_module et_flex_module preset--module--divi-heading--default\"><div class=\"et_pb_heading_container\"><h2 class=\"et_pb_module_header\">Preguntas Frecuentes<\/h2><\/div><\/div>\n\n<div class=\"et_pb_accordion_0 et_pb_accordion et_pb_module et_block_module preset--module--divi-accordion--default\">\n<div class=\"et_pb_accordion_item_0 et_pb_accordion_item et_pb_toggle et_pb_module et_pb_toggle_open et_flex_module\"><\/div>\n\n<div class=\"et_pb_accordion_item_1 et_pb_accordion_item et_pb_toggle et_pb_module et_pb_toggle_close et_flex_module\"><h5 class=\"et_pb_toggle_title\">Cu\u00e1les Servicios Ofrece la Compa\u00f1\u00eda?<\/h5><div class=\"et_pb_toggle_content et_flex_module\"><p>Ofrecemos una amplia gama de servicios de construcci\u00f3n, incluyendo contrataci\u00f3n general, gesti\u00f3n de proyectos, dise\u00f1o y construcci\u00f3n, y renovaciones. Nuestra experiencia abarca proyectos residenciales, comerciales e industriales, desde la construcci\u00f3n desde cero hasta remodelaciones e instalaciones especializadas. Ya sea que busque construir una casa nueva, modernizar su espacio de oficina o desarrollar infraestructura a gran escala, contamos con la experiencia y los conocimientos necesarios para hacer realidad su visi\u00f3n.<\/p>\n<\/div><\/div>\n\n<div class=\"et_pb_accordion_item_2 et_pb_accordion_item et_pb_toggle et_pb_module et_pb_toggle_close et_flex_module\"><h5 class=\"et_pb_toggle_title\">\u00bfQu\u00e9 diferencia a su empresa de otras empresas de construcci\u00f3n?<\/h5><div class=\"et_pb_toggle_content et_flex_module\"><p>Nuestro compromiso con la calidad, la seguridad y la satisfacci\u00f3n del cliente nos distingue. Abordamos cada proyecto con meticulosa atenci\u00f3n al detalle, garantizando que cada aspecto del trabajo se ejecute con la m\u00e1s alta calidad. Nuestro equipo est\u00e1 compuesto por profesionales altamente cualificados con a\u00f1os de experiencia. Tambi\u00e9n priorizamos la transparencia y la colaboraci\u00f3n durante todo el proceso de construcci\u00f3n, manteni\u00e9ndolo informado e involucrado en cada etapa. Nuestra reputaci\u00f3n de confiabilidad e innovaci\u00f3n se refleja en las relaciones duraderas que hemos forjado con nuestros clientes.<\/p>\n<\/div><\/div>\n\n<div class=\"et_pb_accordion_item_3 et_pb_accordion_item et_pb_toggle et_pb_module et_pb_toggle_close et_flex_module\"><h5 class=\"et_pb_toggle_title\">\u00bfC\u00f3mo garantizar que se cumplan los plazos del proyecto?<\/h5><div class=\"et_pb_toggle_content et_flex_module\"><p>Nos tomamos muy en serio los plazos de los proyectos y hemos desarrollado un enfoque sistem\u00e1tico para garantizar su cumplimiento. Esto incluye una planificaci\u00f3n exhaustiva previa a la construcci\u00f3n, una comunicaci\u00f3n fluida con todas las partes interesadas y el uso de software de gesti\u00f3n de proyectos para el seguimiento del progreso. Tambi\u00e9n mantenemos una s\u00f3lida relaci\u00f3n con nuestros proveedores y subcontratistas, lo que garantiza que los materiales y recursos est\u00e9n disponibles cuando se necesiten. La supervisi\u00f3n regular en obra y la r\u00e1pida resoluci\u00f3n de problemas nos permiten cumplir con los plazos, incluso cuando surgen imprevistos.<\/p>\n<\/div><\/div>\n\n<div class=\"et_pb_accordion_item_4 et_pb_accordion_item et_pb_toggle et_pb_module et_pb_toggle_close et_flex_module\"><h5 class=\"et_pb_toggle_title\">\u00bfC\u00f3mo se gestionan los costes y el presupuesto del proyecto?<\/h5><div class=\"et_pb_toggle_content et_flex_module\"><p>Entendemos que ajustarse al presupuesto es fundamental para el \u00e9xito de cualquier proyecto de construcci\u00f3n. Nuestro proceso comienza con una estimaci\u00f3n de costos detallada basada en las necesidades espec\u00edficas de su proyecto. Le ofrecemos precios claros y por adelantado y trabajamos con usted para encontrar soluciones rentables que no comprometan la calidad. Durante todo el proyecto, mantenemos estrictos controles de costos y monitoreamos continuamente los gastos para evitar sobrecostos. Si surge alg\u00fan cambio, nos comunicamos con prontitud para analizar las opciones y asegurarnos de que est\u00e9 plenamente informado sobre cualquier posible impacto en su presupuesto.<\/p>\n<\/div><\/div>\n<\/div>\n<\/div>\n<\/div>\n<\/div>\n\n<div class=\"et_pb_section_2 et_pb_section et_section_regular et_block_section et-interaction-target-wfr74b5255 preset--module--divi-section--default\" data-interaction-target=\"wfr74b5255\">\n<div class=\"et_pb_row_3 et_pb_row et_block_row preset--module--divi-row--default\">\n<div class=\"et_pb_column_4 et_pb_column et-last-child et_block_column et_pb_css_mix_blend_mode_passthrough et_flex_column_24_24 et_flex_column_24_24_tablet et_flex_column_24_24_phone preset--module--divi-column--default\">\n<div class=\"et_pb_text_0 et_pb_text et_pb_bg_layout_light et_pb_module et_flex_module preset--module--divi-text--default\"><div class=\"et_pb_text_inner\" data-et-mv-hidden-phone=\"true\"><h1>Presupuesto<\/h1>\n<\/div><\/div>\n\n<div class=\"et_pb_icon_0 et_pb_icon et_pb_module et_flex_module preset--module--divi-icon--default\" data-interaction-trigger=\"mpdz2ossvu\"><span class=\"et_pb_icon_wrap\"><span class=\"et-pb-icon\">\ue051<\/span><\/span><\/div>\n\n<div class=\"et_pb_text_1 et_pb_text et_pb_bg_layout_light et_pb_module et_flex_module preset--module--divi-text--default\"><div class=\"et_pb_text_inner\"><p>Complete este formulario y le respondremos a la brevedad!<\/p>\n<\/div><\/div>\n<\/div>\n<\/div>\n\n<div class=\"et_pb_row_4 et_pb_row et_block_row preset--module--divi-row--default\">\n<div class=\"et_pb_column_5 et_pb_column et-last-child et_block_column et_pb_css_mix_blend_mode_passthrough et_flex_column_24_24 et_flex_column_24_24_tablet et_flex_column_24_24_phone preset--module--divi-column--default\">\n<div class=\"et_pb_contact_form_1 et_pb_contact_form_container clearfix et_pb_module et_flex_module preset--module--divi-contact-form--default\" data-form_unique_num=\"1\" data-form_unique_id=\"992a670dde86ce9baa98809866ce1eff\" id=\"et_pb_contact_form_992a670dde86ce9baa98809866ce1eff\"><div class=\"et-pb-contact-message\"><\/div><div class=\"et_pb_contact\"><form class=\"et_pb_contact_form et_flex_module\" method=\"post\" action=\"https:\/\/feimus.com.ar\/constructiva\/wp-json\/wp\/v2\/pages\/18\">\n<div class=\"et_pb_contact_field_3 et_pb_contact_field et_pb_module et_flex_module et_flex_column_24_24 et_flex_column_24_24_tablet et_flex_column_24_24_phone\" data-id=\"nombre_2_2\" data-type=\"input\"><label class=\"et_pb_contact_form_label\" for=\"et_pb_contact_1_nombre_2_2_3\">Nombre<\/label><input type=\"text\" name=\"et_pb_contact_1_nombre_2_2_3\" id=\"et_pb_contact_1_nombre_2_2_3\" class=\"input\" data-required_mark=\"required\" data-field_type=\"input\" data-original_id=\"nombre_2_2\" placeholder=\"Nombre\" title=\"\" value=\"\" \/><\/div>\n\n<div class=\"et_pb_contact_field_4 et_pb_contact_field et_pb_module et_flex_module et_flex_column_24_24 et_flex_column_24_24_tablet et_flex_column_24_24_phone\" data-id=\"email_2_2\" data-type=\"email\"><label class=\"et_pb_contact_form_label\" for=\"et_pb_contact_1_email_2_2_4\">Email<\/label><input type=\"text\" name=\"et_pb_contact_1_email_2_2_4\" id=\"et_pb_contact_1_email_2_2_4\" class=\"input\" data-required_mark=\"required\" data-field_type=\"email\" data-original_id=\"email_2_2\" placeholder=\"Email\" title=\"\" value=\"\" \/><\/div>\n\n<div class=\"et_pb_contact_field_5 et_pb_contact_field et_pb_module et_flex_module et_flex_column_24_24 et_flex_column_24_24_tablet et_flex_column_24_24_phone\" data-id=\"field_6_2_2\" data-type=\"checkbox\"><label class=\"et_pb_contact_form_label\">Edificio<\/label><input type=\"hidden\" name=\"et_pb_contact_1_field_6_2_2_5\" class=\"et_pb_checkbox_handle\" data-required_mark=\"required\" data-field_type=\"checkbox\" data-original_id=\"field_6_2_2\" \/><span class=\"et_pb_contact_field_options_wrapper\"><span class=\"et_pb_contact_field_options_title\">Edificio<\/span><span class=\"et_pb_contact_field_options_list\"><span class=\"et_pb_contact_field_checkbox\"><input type=\"checkbox\" id=\"et_pb_contact_1_field_6_2_2_5_0\" class=\"input\" value=\"Arengreen 618\" data-required_mark=\"required\" data-field_type=\"checkbox\" data-original_id=\"field_6_2_2\" \/><label for=\"et_pb_contact_1_field_6_2_2_5_0\"><i><\/i>Arengreen 618 <a target=\"_blank\" href=\"https:\/\/www.amvadesarrollos.com.ar\/project\/balcones-del-boulevard\/\"><\/a><\/label><\/span><span class=\"et_pb_contact_field_checkbox\"><input type=\"checkbox\" id=\"et_pb_contact_1_field_6_2_2_5_1\" class=\"input\" value=\"Bonifacio 593\" data-required_mark=\"required\" data-field_type=\"checkbox\" data-original_id=\"field_6_2_2\" \/><label for=\"et_pb_contact_1_field_6_2_2_5_1\"><i><\/i>Bonifacio 593 <a target=\"_blank\" href=\"https:\/\/www.amvadesarrollos.com.ar\/project\/bicentenario\/\"><\/a><\/label><\/span><span class=\"et_pb_contact_field_checkbox\"><input type=\"checkbox\" id=\"et_pb_contact_1_field_6_2_2_5_2\" class=\"input\" value=\"Pedernera 289\" data-required_mark=\"required\" data-field_type=\"checkbox\" data-original_id=\"field_6_2_2\" \/><label for=\"et_pb_contact_1_field_6_2_2_5_2\"><i><\/i>Pedernera 289 <a target=\"_blank\" href=\"https:\/\/www.amvadesarrollos.com.ar\/project\/boulevard\/\"><\/a><\/label><\/span><span class=\"et_pb_contact_field_checkbox\"><input type=\"checkbox\" id=\"et_pb_contact_1_field_6_2_2_5_3\" class=\"input\" value=\"Bonifacio 1959\" data-required_mark=\"required\" data-field_type=\"checkbox\" data-original_id=\"field_6_2_2\" \/><label for=\"et_pb_contact_1_field_6_2_2_5_3\"><i><\/i>Bonifacio 1959 <a target=\"_blank\" href=\"https:\/\/www.amvadesarrollos.com.ar\/project\/de-la-igualdad-1\/\"><\/a><\/label><\/span><span class=\"et_pb_contact_field_checkbox\"><input type=\"checkbox\" id=\"et_pb_contact_1_field_6_2_2_5_4\" class=\"input\" value=\"Bonifacio 2700\" data-required_mark=\"required\" data-field_type=\"checkbox\" data-original_id=\"field_6_2_2\" \/><label for=\"et_pb_contact_1_field_6_2_2_5_4\"><i><\/i>Bonifacio 2700 <a target=\"_blank\" href=\"https:\/\/www.amvadesarrollos.com.ar\/project\/de-la-fraternidad\/\"><\/a><\/label><\/span><\/span><\/span><\/div>\n\n<div class=\"et_pb_contact_field_6 et_pb_contact_field et_pb_module et_flex_module et_flex_column_24_24 et_flex_column_24_24_tablet et_flex_column_24_24_phone\" data-id=\"field_5_2_2\" data-type=\"radio\"><label class=\"et_pb_contact_form_label\">Ambientes<\/label><span class=\"et_pb_contact_field_options_wrapper\"><span class=\"et_pb_contact_field_options_title\">Ambientes<\/span><span class=\"et_pb_contact_field_options_list\"><span class=\"et_pb_contact_field_radio\"><input type=\"radio\" name=\"et_pb_contact_1_field_5_2_2_6\" id=\"et_pb_contact_1_field_5_2_2_6_0\" class=\"input\" value=\"1\" data-required_mark=\"required\" data-field_type=\"radio\" data-original_id=\"field_5_2_2\" data-id=\"d63adb27-d9cc-4439-b1db-351c77627d82\" \/><label for=\"et_pb_contact_1_field_5_2_2_6_0\"><i><\/i>1<\/label><\/span><span class=\"et_pb_contact_field_radio\"><input type=\"radio\" name=\"et_pb_contact_1_field_5_2_2_6\" id=\"et_pb_contact_1_field_5_2_2_6_1\" class=\"input\" value=\"2\" data-required_mark=\"required\" data-field_type=\"radio\" data-original_id=\"field_5_2_2\" data-id=\"2b5f30d9-c984-4e1e-9b3d-65f0e5e558b5\" \/><label for=\"et_pb_contact_1_field_5_2_2_6_1\"><i><\/i>2<\/label><\/span><span class=\"et_pb_contact_field_radio\"><input type=\"radio\" name=\"et_pb_contact_1_field_5_2_2_6\" id=\"et_pb_contact_1_field_5_2_2_6_2\" class=\"input\" value=\"3\" data-required_mark=\"required\" data-field_type=\"radio\" data-original_id=\"field_5_2_2\" data-id=\"4210891c-30c1-4e45-8ddb-17e8daf4b6b0\" \/><label for=\"et_pb_contact_1_field_5_2_2_6_2\"><i><\/i>3<\/label><\/span><span class=\"et_pb_contact_field_radio\"><input type=\"radio\" name=\"et_pb_contact_1_field_5_2_2_6\" id=\"et_pb_contact_1_field_5_2_2_6_3\" class=\"input\" value=\"4\" data-required_mark=\"required\" data-field_type=\"radio\" data-original_id=\"field_5_2_2\" data-id=\"42492b37-9ae5-46f8-9b8f-b5f9e29150a1\" \/><label for=\"et_pb_contact_1_field_5_2_2_6_3\"><i><\/i>4<\/label><\/span><span class=\"et_pb_contact_field_radio\"><input type=\"radio\" name=\"et_pb_contact_1_field_5_2_2_6\" id=\"et_pb_contact_1_field_5_2_2_6_4\" class=\"input\" value=\"5\" data-required_mark=\"required\" data-field_type=\"radio\" data-original_id=\"field_5_2_2\" data-id=\"bcc10001-63ed-42a7-b08c-fbbc89304a8b\" \/><label for=\"et_pb_contact_1_field_5_2_2_6_4\"><i><\/i>5<\/label><\/span><\/span><\/span><\/div>\n\n<div class=\"et_pb_contact_field_7 et_pb_contact_field et_pb_module et_flex_module et_flex_column_24_24 et_flex_column_24_24_tablet et_flex_column_24_24_phone\" data-id=\"mensaje_2_2\" data-type=\"text\"><label class=\"et_pb_contact_form_label\" for=\"et_pb_contact_1_mensaje_2_2_7\">Mensaje<\/label><textarea name=\"et_pb_contact_1_mensaje_2_2_7\" id=\"et_pb_contact_1_mensaje_2_2_7\" class=\"et_pb_contact_message input\" data-required_mark=\"required\" data-field_type=\"text\" data-original_id=\"mensaje_2_2\" placeholder=\"Mensaje\"><\/textarea><\/div>\n\n<div class=\"et_pb_contact_field_8 et_pb_contact_field et_pb_module et_flex_module et_flex_column_24_24 et_flex_column_24_24_tablet et_flex_column_24_24_phone\" data-id=\"field_7_2_2\" data-type=\"checkbox\"><label class=\"et_pb_contact_form_label\">Condiciones<\/label><input type=\"hidden\" name=\"et_pb_contact_1_field_7_2_2_8\" class=\"et_pb_checkbox_handle\" data-required_mark=\"required\" data-field_type=\"checkbox\" data-original_id=\"field_7_2_2\" \/><span class=\"et_pb_contact_field_options_wrapper\"><span class=\"et_pb_contact_field_options_title\">Condiciones<\/span><span class=\"et_pb_contact_field_options_list\"><span class=\"et_pb_contact_field_checkbox\"><input type=\"checkbox\" id=\"et_pb_contact_1_field_7_2_2_8_0\" class=\"input\" value=\"Compra\" data-required_mark=\"required\" data-field_type=\"checkbox\" data-original_id=\"field_7_2_2\" \/><label for=\"et_pb_contact_1_field_7_2_2_8_0\"><i><\/i>Compra<\/label><\/span><span class=\"et_pb_contact_field_checkbox\"><input type=\"checkbox\" id=\"et_pb_contact_1_field_7_2_2_8_1\" class=\"input\" value=\"Alquiler\" data-required_mark=\"required\" data-field_type=\"checkbox\" data-original_id=\"field_7_2_2\" \/><label for=\"et_pb_contact_1_field_7_2_2_8_1\"><i><\/i>Alquiler<\/label><\/span><\/span><\/span><\/div>\n<input type=\"hidden\" name=\"et_pb_contactform_submit_992a670dde86ce9baa98809866ce1eff\" value=\"et_contact_proccess\" \/><div class=\"et_contact_bottom_container\"><div class=\"et_pb_contact_right et_pb_contact_field\"><p class=\"clearfix\"><label><span class=\"et_pb_contact_captcha_question\">7 + 5<\/span> = <input type=\"text\" size=\"2\" class=\"input et_pb_contact_captcha\" data-first_digit=\"7\" data-second_digit=\"5\" data-required_mark=\"required\" name=\"et_pb_contact_captcha_992a670dde86ce9baa98809866ce1eff\" autocomplete=\"off\" \/><\/label><\/p><\/div><div class=\"et_pb_button_wrapper\"><button type=\"submit\" name=\"et_builder_submit_button\" class=\"et_pb_button et_pb_contact_submit\">ENVIAR<\/button><\/div><\/div><input type=\"hidden\" id=\"_wpnonce-et-pb-contact-form-submitted-992a670dde86ce9baa98809866ce1eff\" name=\"_wpnonce-et-pb-contact-form-submitted-992a670dde86ce9baa98809866ce1eff\" value=\"b2910ee06f\" \/><input type=\"hidden\" name=\"_wp_http_referer\" value=\"\/constructiva\/wp-json\/wp\/v2\/pages\/18\" \/><\/form><\/div><\/div>\n<\/div>\n<\/div>\n<\/div>","protected":false},"excerpt":{"rendered":"","protected":false},"author":1,"featured_media":0,"parent":0,"menu_order":0,"comment_status":"closed","ping_status":"closed","template":"","meta":{"_joinchat":[],"footnotes":""},"class_list":["post-18","page","type-page","status-publish","hentry"],"_links":{"self":[{"href":"https:\/\/feimus.com.ar\/constructiva\/wp-json\/wp\/v2\/pages\/18","targetHints":{"allow":["GET"]}}],"collection":[{"href":"https:\/\/feimus.com.ar\/constructiva\/wp-json\/wp\/v2\/pages"}],"about":[{"href":"https:\/\/feimus.com.ar\/constructiva\/wp-json\/wp\/v2\/types\/page"}],"author":[{"embeddable":true,"href":"https:\/\/feimus.com.ar\/constructiva\/wp-json\/wp\/v2\/users\/1"}],"replies":[{"embeddable":true,"href":"https:\/\/feimus.com.ar\/constructiva\/wp-json\/wp\/v2\/comments?post=18"}],"version-history":[{"count":25,"href":"https:\/\/feimus.com.ar\/constructiva\/wp-json\/wp\/v2\/pages\/18\/revisions"}],"predecessor-version":[{"id":635,"href":"https:\/\/feimus.com.ar\/constructiva\/wp-json\/wp\/v2\/pages\/18\/revisions\/635"}],"wp:attachment":[{"href":"https:\/\/feimus.com.ar\/constructiva\/wp-json\/wp\/v2\/media?parent=18"}],"curies":[{"name":"wp","href":"https:\/\/api.w.org\/{rel}","templated":true}]}}