{"id":14,"date":"2025-07-11T19:04:35","date_gmt":"2025-07-11T17:04:35","guid":{"rendered":"https:\/\/feimus.com.ar\/constructiva\/?page_id=14"},"modified":"2025-08-15T12:51:39","modified_gmt":"2025-08-15T15:51:39","slug":"about","status":"publish","type":"page","link":"https:\/\/feimus.com.ar\/constructiva\/about\/","title":{"rendered":"Nosotros"},"content":{"rendered":"<div class=\"et_pb_section_0 et_pb_section et_section_regular et_block_section kb-zoomout preset--module--divi-section--d0a454e8-136b-41bf-8d24-9f225a83a7ee\">\n<div class=\"et_pb_row_0 et_pb_row et_block_row preset--module--divi-row--default\">\n<div class=\"et_pb_column_0 et_pb_column et_pb_column_4_4 et-last-child et_block_column et_pb_css_mix_blend_mode_passthrough preset--module--divi-column--default\">\n<div class=\"et_pb_heading_0 et_pb_heading et_pb_module et_flex_module preset--module--divi-heading--b4f960fe-aee4-4cac-ba40-a277c046cbea\"><div class=\"et_pb_heading_container\"><h4 class=\"et_pb_module_header\">CONOCI\u00c9NDONOS<\/h4><\/div><\/div>\n\n<div class=\"et_pb_heading_1 et_pb_heading et_pb_module et_flex_module preset--module--divi-heading--68993514-5e9c-407b-b0f4-6fff01ba680d\"><div class=\"et_pb_heading_container\"><h1 class=\"et_pb_module_header\">Nosotros y la Empresa<\/h1><\/div><\/div>\n\n<div class=\"et_pb_text_0 et_pb_text et_pb_bg_layout_light et_pb_module et_flex_module preset--module--divi-text--default\"><div class=\"et_pb_text_inner\"><p><strong>Nuestras obras comienzan con el fondeo de inversores originarios<\/strong> que nos acompa\u00f1an desde hace tiempo y tambi\u00e9n socios que aportan recursos directos para la adquisici\u00f3n<\/p>\n<\/div><\/div>\n\n<div class=\"et_pb_module et_pb_button_module_wrapper et_pb_button_0_wrapper preset--module--divi-button--ba59af96-dc89-4dbd-8d1f-1253e152056a_wrapper\"><a class=\"et_pb_button_0 et_pb_button et_pb_bg_layout_light et_pb_module et_flex_module preset--module--divi-button--ba59af96-dc89-4dbd-8d1f-1253e152056a\" href=\"\">Empecemos un Proyecto<\/a><\/div>\n<\/div>\n<\/div>\n<\/div>\n\n<div class=\"et_pb_section_1 et_pb_section et_section_regular et_block_section preset--module--divi-section--default\">\n<div class=\"et_pb_row_1 et_pb_row et_block_row preset--module--divi-row--default\">\n<div class=\"et_pb_column_1 et_pb_column et-last-child et_block_column et_pb_css_mix_blend_mode_passthrough et_flex_column_24_24 et_flex_column_24_24_tablet et_flex_column_24_24_phone preset--module--divi-column--default\">\n<div class=\"et_pb_text_1 et_pb_text et_pb_bg_layout_light et_animated et_pb_module et_flex_module preset--module--divi-text--default\"><div class=\"et_pb_text_inner\" data-et-mv-hidden-phone=\"true\"><h1>Experiencia<\/h1>\n<\/div><\/div>\n<\/div>\n<\/div>\n\n<div class=\"et_pb_row_2 et_pb_row et_block_row preset--module--divi-row--default\">\n<div class=\"et_pb_column_2 et_pb_column et_pb_column_4_4 et-last-child et_block_column et_pb_css_mix_blend_mode_passthrough preset--module--divi-column--default\">\n<div class=\"et_pb_toggle_0 et_pb_toggle et_pb_toggle_item et_pb_toggle_close et_pb_module et_flex_module preset--module--divi-toggle--default\"><h5 class=\"et_pb_toggle_title\" data-et-mv-hidden-phone=\"true\">\u00bb En Constructiva, aportamos d\u00e9cadas de experiencia y pasi\u00f3n<\/h5><div class=\"et_pb_toggle_content clearfix et_flex_module\"><p><strong>Nuestra reputaci\u00f3n se basa en la confianza, la fiabilidad y una s\u00f3lida \u00e9tica de trabajo.<\/strong> Nos enorgullecemos de mantener una comunicaci\u00f3n fluida con nuestros clientes durante cada fase del proyecto, garantizando as\u00ed que su visi\u00f3n se haga realidad. Al combinar un dise\u00f1o innovador con soluciones pr\u00e1cticas, entregamos constantemente resultados que superan las expectativas. <strong>En Constructiva, no solo construimos para hoy, sino para el futuro, garantizando que nuestro trabajo perdure en el tiempo.<\/strong><\/p>\n<\/div><\/div>\n\n<div class=\"et_pb_toggle_1 et_pb_toggle et_pb_toggle_item et_pb_toggle_close et_pb_module et_flex_module preset--module--divi-toggle--default\"><h5 class=\"et_pb_toggle_title\" data-et-mv-hidden-phone=\"true\">\u00bb Nuestra reputaci\u00f3n se basa en la confianza<\/h5><div class=\"et_pb_toggle_content clearfix et_flex_module\" data-et-mv-hidden-phone=\"true\"><p><strong>la fiabilidad y una s\u00f3lida \u00e9tica de trabajo.<\/strong> Nos enorgullecemos de mantener una comunicaci\u00f3n fluida con nuestros clientes durante cada fase del proyecto, garantizando as\u00ed que su visi\u00f3n se haga realidad. Al combinar un dise\u00f1o innovador con soluciones pr\u00e1cticas, entregamos constantemente resultados que superan las expectativas. <strong>En Constructiva, no solo construimos para hoy, sino para el futuro, garantizando que nuestro trabajo perdure en el tiempo.<\/strong><\/p>\n<\/div><\/div>\n<\/div>\n<\/div>\n\n<div class=\"et_pb_row_3 et_pb_row et_flex_row preset--module--divi-row--default\">\n<div class=\"et_pb_column_3 et_pb_column et_block_column et_pb_css_mix_blend_mode_passthrough et_flex_column_24_24 et_flex_column_24_24_tablet et_flex_column_24_24_phone preset--module--divi-column--default\">\n<div class=\"et_pb_blurb_0 et_pb_blurb et_pb_bg_layout_light et_pb_blurb_position_left et_pb_module et_flex_module preset--module--divi-blurb--default\"><div class=\"et_pb_blurb_content et_flex_module\"><div class=\"et_pb_blurb_container\"><h4 class=\"et_pb_module_header\">M\u00e1s de 25 a\u00f1os en el negocio<\/h4><div class=\"et_pb_blurb_description\"><p>Con m\u00e1s de 25 a\u00f1os de experiencia, nos hemos forjado una reputaci\u00f3n de ofrecer calidad y fiabilidad en cada proyecto. Nuestro compromiso con la excelencia nos ha ganado la confianza de innumerables clientes.<\/p>\n<\/div><\/div><\/div><\/div>\n<\/div>\n\n<div class=\"et_pb_column_4 et_pb_column et_block_column et_pb_css_mix_blend_mode_passthrough et_flex_column_24_24 et_flex_column_24_24_tablet et_flex_column_24_24_phone preset--module--divi-column--default\">\n<div class=\"et_pb_blurb_1 et_pb_blurb et_pb_bg_layout_light et_pb_blurb_position_left et_pb_module et_flex_module preset--module--divi-blurb--default\"><div class=\"et_pb_blurb_content et_flex_module\"><div class=\"et_pb_blurb_container\"><h4 class=\"et_pb_module_header\">Licencia y Asegurado<\/h4><div class=\"et_pb_blurb_description\"><p>Contamos con todas las licencias y seguros necesarios, lo que garantiza el cumplimiento de los est\u00e1ndares de la industria y brinda tranquilidad a nuestros clientes. Su proyecto est\u00e1 protegido y gestionado con la m\u00e1xima profesionalidad y seguridad.<\/p>\n<\/div><\/div><\/div><\/div>\n<\/div>\n\n<div class=\"et_pb_column_5 et_pb_column et-last-child et_block_column et_pb_css_mix_blend_mode_passthrough et_flex_column_24_24 et_flex_column_24_24_tablet et_flex_column_24_24_phone preset--module--divi-column--default\">\n<div class=\"et_pb_blurb_2 et_pb_blurb et_pb_bg_layout_light et_pb_blurb_position_left et_pb_module et_flex_module preset--module--divi-blurb--default\"><div class=\"et_pb_blurb_content et_flex_module\"><div class=\"et_pb_blurb_container\"><h4 class=\"et_pb_module_header\">Honesto y econ\u00f3mico<\/h4><div class=\"et_pb_blurb_description\"><p>Nos enorgullecemos de nuestro servicio honesto y soluciones econ\u00f3micas, ofreciendo precios transparentes sin comprometer la calidad.<\/p>\n<\/div><\/div><\/div><\/div>\n<\/div>\n<\/div>\n<\/div>\n\n<div class=\"et_pb_section_2 et_pb_section et_section_regular et_block_section preset--module--divi-section--default\">\n<div class=\"et_pb_row_4 et_pb_row et_block_row preset--module--divi-row--default\">\n<div class=\"et_pb_column_6 et_pb_column et-last-child et_block_column et_pb_css_mix_blend_mode_passthrough et_flex_column_24_24 et_flex_column_24_24_tablet et_flex_column_24_24_phone preset--module--divi-column--default\">\n<div class=\"et_pb_text_2 et_pb_text et_pb_bg_layout_light et_animated et_pb_module et_flex_module preset--module--divi-text--default\"><div class=\"et_pb_text_inner\" data-et-mv-hidden-phone=\"true\"><h1>En Acci\u00f3n<\/h1>\n<\/div><\/div>\n<\/div>\n<\/div>\n\n<div class=\"et_pb_row_5 et_pb_row et_block_row preset--module--divi-row--default\">\n<div class=\"et_pb_column_7 et_pb_column et_pb_column_4_4 et-last-child et_block_column et_pb_css_mix_blend_mode_passthrough preset--module--divi-column--default\">\n<div class=\"et_pb_video_0 et_pb_video et_pb_module et_flex_module\"><div class=\"et_pb_video_box\"><video controls><source type=\"video\/mp4\" src=\"https:\/\/feimus.com.ar\/constructiva\/wp-content\/uploads\/2025\/07\/vecteezy_timelapse-footage-of-a-high-crane-works-on-building-site_26747180.mp4\" \/><\/video><\/div><\/div>\n<\/div>\n<\/div>\n<\/div>","protected":false},"excerpt":{"rendered":"","protected":false},"author":1,"featured_media":0,"parent":0,"menu_order":0,"comment_status":"closed","ping_status":"closed","template":"","meta":{"_joinchat":[],"footnotes":""},"class_list":["post-14","page","type-page","status-publish","hentry"],"_links":{"self":[{"href":"https:\/\/feimus.com.ar\/constructiva\/wp-json\/wp\/v2\/pages\/14","targetHints":{"allow":["GET"]}}],"collection":[{"href":"https:\/\/feimus.com.ar\/constructiva\/wp-json\/wp\/v2\/pages"}],"about":[{"href":"https:\/\/feimus.com.ar\/constructiva\/wp-json\/wp\/v2\/types\/page"}],"author":[{"embeddable":true,"href":"https:\/\/feimus.com.ar\/constructiva\/wp-json\/wp\/v2\/users\/1"}],"replies":[{"embeddable":true,"href":"https:\/\/feimus.com.ar\/constructiva\/wp-json\/wp\/v2\/comments?post=14"}],"version-history":[{"count":31,"href":"https:\/\/feimus.com.ar\/constructiva\/wp-json\/wp\/v2\/pages\/14\/revisions"}],"predecessor-version":[{"id":669,"href":"https:\/\/feimus.com.ar\/constructiva\/wp-json\/wp\/v2\/pages\/14\/revisions\/669"}],"wp:attachment":[{"href":"https:\/\/feimus.com.ar\/constructiva\/wp-json\/wp\/v2\/media?parent=14"}],"curies":[{"name":"wp","href":"https:\/\/api.w.org\/{rel}","templated":true}]}}